{"id":916,"date":"2021-07-20T16:06:39","date_gmt":"2021-07-20T16:06:39","guid":{"rendered":"https:\/\/imella-store.com\/product\/sea-moss-premium\/"},"modified":"2025-10-18T00:04:15","modified_gmt":"2025-10-17T23:04:15","slug":"sea-moss-premium-pt","status":"publish","type":"product","link":"https:\/\/imella-store.com\/pt-pt\/produto\/sea-moss-premium-pt\/","title":{"rendered":"Sea Moss Premium"},"content":{"rendered":"<p>O nosso Sea Moss \u00e9 100% artesanal. Cont\u00e9m 92 dos 102 minerais necess\u00e1rios para uma sa\u00fade ideal. Este Sea Moss \u00e9 seco ao sol para conservar as suas propriedades ricas em minerais que promovem a sa\u00fade digestiva. O Sea Moss tamb\u00e9m \u00e9 rico em probi\u00f3ticos que melhoram a sa\u00fade intestinal e rico em fibras para ajudar nos movimentos intestinais. Alguns dos benef\u00edcios deste \u00f3timo produto:<\/p>\n<ul>\n<li>Ajuda a controlar o peso corporal<\/li>\n<li>Fortalece e repara os tecidos conjuntivos e os m\u00fasculos<\/li>\n<li>Ajuda aqueles que sofrem de intestino perme\u00e1vel<\/li>\n<li>Melhora a pele e as unhas, assim como acelera a recupera\u00e7\u00e3o p\u00f3s-treino<\/li>\n<\/ul>\n<p>O Sea Moss cont\u00e9m minerais essenciais de zinco que promovem a sa\u00fade reprodutiva e melhoram a circula\u00e7\u00e3o sangu\u00ednea. Isto, por sua vez, aumenta a resist\u00eancia e o sangue nos \u00f3rg\u00e3os reprodutivos, o que melhora a for\u00e7a das ere\u00e7\u00f5es nos homens e o est\u00edmulo e lubrifica\u00e7\u00e3o sexual nas mulheres.<\/p>\n","protected":false},"excerpt":{"rendered":"<p>O nosso Sea Moss \u00e9 100% artesanal. Cont\u00e9m 92 dos 102 minerais necess\u00e1rios para uma sa\u00fade ideal. Este Sea Moss \u00e9 seco ao sol para conservar as suas propriedades ricas em minerais que promovem a sa\u00fade digestiva. O Sea Moss tamb\u00e9m \u00e9 rico em probi\u00f3ticos que melhoram a sa\u00fade intestinal e rico em fibras para [&hellip;]<\/p>\n","protected":false},"featured_media":5734,"comment_status":"open","ping_status":"closed","template":"","meta":{"_uag_custom_page_level_css":"","site-sidebar-layout":"default","site-content-layout":"","ast-site-content-layout":"default","site-content-style":"default","site-sidebar-style":"default","ast-global-header-display":"","ast-banner-title-visibility":"","ast-main-header-display":"","ast-hfb-above-header-display":"","ast-hfb-below-header-display":"","ast-hfb-mobile-header-display":"","site-post-title":"","ast-breadcrumbs-content":"","ast-featured-img":"","footer-sml-layout":"","theme-transparent-header-meta":"default","adv-header-id-meta":"","stick-header-meta":"default","header-above-stick-meta":"","header-main-stick-meta":"","header-below-stick-meta":"","astra-migrate-meta-layouts":"set","ast-page-background-enabled":"default","ast-page-background-meta":{"desktop":{"background-color":"","background-image":"","background-repeat":"repeat","background-position":"center center","background-size":"auto","background-attachment":"scroll","background-type":"","background-media":"","overlay-type":"","overlay-color":"","overlay-opacity":"","overlay-gradient":""},"tablet":{"background-color":"","background-image":"","background-repeat":"repeat","background-position":"center center","background-size":"auto","background-attachment":"scroll","background-type":"","background-media":"","overlay-type":"","overlay-color":"","overlay-opacity":"","overlay-gradient":""},"mobile":{"background-color":"","background-image":"","background-repeat":"repeat","background-position":"center center","background-size":"auto","background-attachment":"scroll","background-type":"","background-media":"","overlay-type":"","overlay-color":"","overlay-opacity":"","overlay-gradient":""}},"ast-content-background-meta":{"desktop":{"background-color":"var(--ast-global-color-5)","background-image":"","background-repeat":"repeat","background-position":"center center","background-size":"auto","background-attachment":"scroll","background-type":"","background-media":"","overlay-type":"","overlay-color":"","overlay-opacity":"","overlay-gradient":""},"tablet":{"background-color":"var(--ast-global-color-5)","background-image":"","background-repeat":"repeat","background-position":"center center","background-size":"auto","background-attachment":"scroll","background-type":"","background-media":"","overlay-type":"","overlay-color":"","overlay-opacity":"","overlay-gradient":""},"mobile":{"background-color":"var(--ast-global-color-5)","background-image":"","background-repeat":"repeat","background-position":"center center","background-size":"auto","background-attachment":"scroll","background-type":"","background-media":"","overlay-type":"","overlay-color":"","overlay-opacity":"","overlay-gradient":""}}},"product_brand":[],"product_cat":[92],"product_tag":[170,93,95],"class_list":{"0":"post-916","1":"product","2":"type-product","3":"status-publish","4":"has-post-thumbnail","6":"product_cat-sea-moss-pt-pt","7":"product_tag-golden-seamoss-pt-pt","8":"product_tag-seamoss-pt-pt","9":"product_tag-seamoss-premium-pt-pt","10":"desktop-align-center","11":"tablet-align-center","12":"mobile-align-center","13":"ast-product-gallery-layout-vertical-slider","14":"ast-product-tabs-layout-accordion","16":"first","17":"instock","18":"featured","19":"taxable","20":"shipping-taxable","21":"purchasable","22":"product-type-simple"},"yoast_head":"<!-- This site is optimized with the Yoast SEO plugin v26.9 - https:\/\/yoast.com\/product\/yoast-seo-wordpress\/ -->\n<title>Sea Moss Premium - Imella<\/title>\n<meta name=\"robots\" content=\"index, follow, max-snippet:-1, max-image-preview:large, max-video-preview:-1\" \/>\n<link rel=\"canonical\" href=\"https:\/\/imella-store.com\/pt-pt\/produto\/sea-moss-premium-pt\/\" \/>\n<meta property=\"og:locale\" content=\"pt_PT\" \/>\n<meta property=\"og:type\" content=\"article\" \/>\n<meta property=\"og:title\" content=\"Sea Moss Premium - Imella\" \/>\n<meta property=\"og:description\" content=\"O nosso Sea Moss \u00e9 100% artesanal. Cont\u00e9m 92 dos 102 minerais necess\u00e1rios para uma sa\u00fade ideal. Este Sea Moss \u00e9 seco ao sol para conservar as suas propriedades ricas em minerais que promovem a sa\u00fade digestiva. O Sea Moss tamb\u00e9m \u00e9 rico em probi\u00f3ticos que melhoram a sa\u00fade intestinal e rico em fibras para [&hellip;]\" \/>\n<meta property=\"og:url\" content=\"https:\/\/imella-store.com\/pt-pt\/produto\/sea-moss-premium-pt\/\" \/>\n<meta property=\"og:site_name\" content=\"Imella\" \/>\n<meta property=\"article:publisher\" content=\"https:\/\/www.facebook.com\/imella.store\" \/>\n<meta property=\"article:modified_time\" content=\"2025-10-17T23:04:15+00:00\" \/>\n<meta property=\"og:image\" content=\"https:\/\/imella-store.com\/wp-content\/uploads\/2021\/07\/3-1.jpg\" \/>\n\t<meta property=\"og:image:width\" content=\"1080\" \/>\n\t<meta property=\"og:image:height\" content=\"1080\" \/>\n\t<meta property=\"og:image:type\" content=\"image\/jpeg\" \/>\n<meta name=\"twitter:card\" content=\"summary_large_image\" \/>\n<meta name=\"twitter:label1\" content=\"Tempo estimado de leitura\" \/>\n\t<meta name=\"twitter:data1\" content=\"1 minuto\" \/>\n<script type=\"application\/ld+json\" class=\"yoast-schema-graph\">{\"@context\":\"https:\/\/schema.org\",\"@graph\":[{\"@type\":\"WebPage\",\"@id\":\"https:\/\/imella-store.com\/pt-pt\/produto\/sea-moss-premium-pt\/\",\"url\":\"https:\/\/imella-store.com\/pt-pt\/produto\/sea-moss-premium-pt\/\",\"name\":\"Sea Moss Premium - Imella\",\"isPartOf\":{\"@id\":\"https:\/\/imella-store.com\/pt-pt\/#website\"},\"primaryImageOfPage\":{\"@id\":\"https:\/\/imella-store.com\/pt-pt\/produto\/sea-moss-premium-pt\/#primaryimage\"},\"image\":{\"@id\":\"https:\/\/imella-store.com\/pt-pt\/produto\/sea-moss-premium-pt\/#primaryimage\"},\"thumbnailUrl\":\"https:\/\/imella-store.com\/wp-content\/uploads\/2021\/07\/Sea-Moss-Premium.jpg\",\"datePublished\":\"2021-07-20T16:06:39+00:00\",\"dateModified\":\"2025-10-17T23:04:15+00:00\",\"breadcrumb\":{\"@id\":\"https:\/\/imella-store.com\/pt-pt\/produto\/sea-moss-premium-pt\/#breadcrumb\"},\"inLanguage\":\"pt-PT\",\"potentialAction\":[{\"@type\":\"ReadAction\",\"target\":[\"https:\/\/imella-store.com\/pt-pt\/produto\/sea-moss-premium-pt\/\"]}]},{\"@type\":\"ImageObject\",\"inLanguage\":\"pt-PT\",\"@id\":\"https:\/\/imella-store.com\/pt-pt\/produto\/sea-moss-premium-pt\/#primaryimage\",\"url\":\"https:\/\/imella-store.com\/wp-content\/uploads\/2021\/07\/Sea-Moss-Premium.jpg\",\"contentUrl\":\"https:\/\/imella-store.com\/wp-content\/uploads\/2021\/07\/Sea-Moss-Premium.jpg\",\"width\":1080,\"height\":1080},{\"@type\":\"BreadcrumbList\",\"@id\":\"https:\/\/imella-store.com\/pt-pt\/produto\/sea-moss-premium-pt\/#breadcrumb\",\"itemListElement\":[{\"@type\":\"ListItem\",\"position\":1,\"name\":\"Home\",\"item\":\"https:\/\/imella-store.com\/pt-pt\/\"},{\"@type\":\"ListItem\",\"position\":2,\"name\":\"Shop\",\"item\":\"https:\/\/imella-store.com\/shop-2\/\"},{\"@type\":\"ListItem\",\"position\":3,\"name\":\"Sea Moss Premium\"}]},{\"@type\":\"WebSite\",\"@id\":\"https:\/\/imella-store.com\/pt-pt\/#website\",\"url\":\"https:\/\/imella-store.com\/pt-pt\/\",\"name\":\"Imella\",\"description\":\"Order Sea Moss Today!\",\"publisher\":{\"@id\":\"https:\/\/imella-store.com\/pt-pt\/#organization\"},\"potentialAction\":[{\"@type\":\"SearchAction\",\"target\":{\"@type\":\"EntryPoint\",\"urlTemplate\":\"https:\/\/imella-store.com\/pt-pt\/?s={search_term_string}\"},\"query-input\":{\"@type\":\"PropertyValueSpecification\",\"valueRequired\":true,\"valueName\":\"search_term_string\"}}],\"inLanguage\":\"pt-PT\"},{\"@type\":\"Organization\",\"@id\":\"https:\/\/imella-store.com\/pt-pt\/#organization\",\"name\":\"Imella\",\"url\":\"https:\/\/imella-store.com\/pt-pt\/\",\"logo\":{\"@type\":\"ImageObject\",\"inLanguage\":\"pt-PT\",\"@id\":\"https:\/\/imella-store.com\/pt-pt\/#\/schema\/logo\/image\/\",\"url\":\"https:\/\/imella-store.com\/wp-content\/uploads\/2022\/10\/Imella-New-Logo-1292-\u00d7-984-px-3.png\",\"contentUrl\":\"https:\/\/imella-store.com\/wp-content\/uploads\/2022\/10\/Imella-New-Logo-1292-\u00d7-984-px-3.png\",\"width\":646,\"height\":492,\"caption\":\"Imella\"},\"image\":{\"@id\":\"https:\/\/imella-store.com\/pt-pt\/#\/schema\/logo\/image\/\"},\"sameAs\":[\"https:\/\/www.facebook.com\/imella.store\",\"https:\/\/instagram.com\/imela.store\"]}]}<\/script>\n<!-- \/ Yoast SEO plugin. -->","yoast_head_json":{"title":"Sea Moss Premium - Imella","robots":{"index":"index","follow":"follow","max-snippet":"max-snippet:-1","max-image-preview":"max-image-preview:large","max-video-preview":"max-video-preview:-1"},"canonical":"https:\/\/imella-store.com\/pt-pt\/produto\/sea-moss-premium-pt\/","og_locale":"pt_PT","og_type":"article","og_title":"Sea Moss Premium - Imella","og_description":"O nosso Sea Moss \u00e9 100% artesanal. Cont\u00e9m 92 dos 102 minerais necess\u00e1rios para uma sa\u00fade ideal. Este Sea Moss \u00e9 seco ao sol para conservar as suas propriedades ricas em minerais que promovem a sa\u00fade digestiva. O Sea Moss tamb\u00e9m \u00e9 rico em probi\u00f3ticos que melhoram a sa\u00fade intestinal e rico em fibras para [&hellip;]","og_url":"https:\/\/imella-store.com\/pt-pt\/produto\/sea-moss-premium-pt\/","og_site_name":"Imella","article_publisher":"https:\/\/www.facebook.com\/imella.store","article_modified_time":"2025-10-17T23:04:15+00:00","og_image":[{"width":1080,"height":1080,"url":"https:\/\/imella-store.com\/wp-content\/uploads\/2021\/07\/3-1.jpg","type":"image\/jpeg"}],"twitter_card":"summary_large_image","twitter_misc":{"Tempo estimado de leitura":"1 minuto"},"schema":{"@context":"https:\/\/schema.org","@graph":[{"@type":"WebPage","@id":"https:\/\/imella-store.com\/pt-pt\/produto\/sea-moss-premium-pt\/","url":"https:\/\/imella-store.com\/pt-pt\/produto\/sea-moss-premium-pt\/","name":"Sea Moss Premium - Imella","isPartOf":{"@id":"https:\/\/imella-store.com\/pt-pt\/#website"},"primaryImageOfPage":{"@id":"https:\/\/imella-store.com\/pt-pt\/produto\/sea-moss-premium-pt\/#primaryimage"},"image":{"@id":"https:\/\/imella-store.com\/pt-pt\/produto\/sea-moss-premium-pt\/#primaryimage"},"thumbnailUrl":"https:\/\/imella-store.com\/wp-content\/uploads\/2021\/07\/Sea-Moss-Premium.jpg","datePublished":"2021-07-20T16:06:39+00:00","dateModified":"2025-10-17T23:04:15+00:00","breadcrumb":{"@id":"https:\/\/imella-store.com\/pt-pt\/produto\/sea-moss-premium-pt\/#breadcrumb"},"inLanguage":"pt-PT","potentialAction":[{"@type":"ReadAction","target":["https:\/\/imella-store.com\/pt-pt\/produto\/sea-moss-premium-pt\/"]}]},{"@type":"ImageObject","inLanguage":"pt-PT","@id":"https:\/\/imella-store.com\/pt-pt\/produto\/sea-moss-premium-pt\/#primaryimage","url":"https:\/\/imella-store.com\/wp-content\/uploads\/2021\/07\/Sea-Moss-Premium.jpg","contentUrl":"https:\/\/imella-store.com\/wp-content\/uploads\/2021\/07\/Sea-Moss-Premium.jpg","width":1080,"height":1080},{"@type":"BreadcrumbList","@id":"https:\/\/imella-store.com\/pt-pt\/produto\/sea-moss-premium-pt\/#breadcrumb","itemListElement":[{"@type":"ListItem","position":1,"name":"Home","item":"https:\/\/imella-store.com\/pt-pt\/"},{"@type":"ListItem","position":2,"name":"Shop","item":"https:\/\/imella-store.com\/shop-2\/"},{"@type":"ListItem","position":3,"name":"Sea Moss Premium"}]},{"@type":"WebSite","@id":"https:\/\/imella-store.com\/pt-pt\/#website","url":"https:\/\/imella-store.com\/pt-pt\/","name":"Imella","description":"Order Sea Moss Today!","publisher":{"@id":"https:\/\/imella-store.com\/pt-pt\/#organization"},"potentialAction":[{"@type":"SearchAction","target":{"@type":"EntryPoint","urlTemplate":"https:\/\/imella-store.com\/pt-pt\/?s={search_term_string}"},"query-input":{"@type":"PropertyValueSpecification","valueRequired":true,"valueName":"search_term_string"}}],"inLanguage":"pt-PT"},{"@type":"Organization","@id":"https:\/\/imella-store.com\/pt-pt\/#organization","name":"Imella","url":"https:\/\/imella-store.com\/pt-pt\/","logo":{"@type":"ImageObject","inLanguage":"pt-PT","@id":"https:\/\/imella-store.com\/pt-pt\/#\/schema\/logo\/image\/","url":"https:\/\/imella-store.com\/wp-content\/uploads\/2022\/10\/Imella-New-Logo-1292-\u00d7-984-px-3.png","contentUrl":"https:\/\/imella-store.com\/wp-content\/uploads\/2022\/10\/Imella-New-Logo-1292-\u00d7-984-px-3.png","width":646,"height":492,"caption":"Imella"},"image":{"@id":"https:\/\/imella-store.com\/pt-pt\/#\/schema\/logo\/image\/"},"sameAs":["https:\/\/www.facebook.com\/imella.store","https:\/\/instagram.com\/imela.store"]}]}},"uagb_featured_image_src":{"full":["https:\/\/imella-store.com\/wp-content\/uploads\/2021\/07\/Sea-Moss-Premium.jpg",1080,1080,false],"thumbnail":["https:\/\/imella-store.com\/wp-content\/uploads\/2021\/07\/Sea-Moss-Premium-150x150.jpg",150,150,true],"medium":["https:\/\/imella-store.com\/wp-content\/uploads\/2021\/07\/Sea-Moss-Premium-300x300.jpg",300,300,true],"medium_large":["https:\/\/imella-store.com\/wp-content\/uploads\/2021\/07\/Sea-Moss-Premium-768x768.jpg",768,768,true],"large":["https:\/\/imella-store.com\/wp-content\/uploads\/2021\/07\/Sea-Moss-Premium-1024x1024.jpg",1024,1024,true],"1536x1536":["https:\/\/imella-store.com\/wp-content\/uploads\/2021\/07\/Sea-Moss-Premium.jpg",1080,1080,false],"2048x2048":["https:\/\/imella-store.com\/wp-content\/uploads\/2021\/07\/Sea-Moss-Premium.jpg",1080,1080,false],"woocommerce_thumbnail":["https:\/\/imella-store.com\/wp-content\/uploads\/2021\/07\/Sea-Moss-Premium-300x300.jpg",300,300,true],"woocommerce_single":["https:\/\/imella-store.com\/wp-content\/uploads\/2021\/07\/Sea-Moss-Premium-600x600.jpg",600,600,true],"woocommerce_gallery_thumbnail":["https:\/\/imella-store.com\/wp-content\/uploads\/2021\/07\/Sea-Moss-Premium-100x100.jpg",100,100,true]},"uagb_author_info":{"display_name":"Imella","author_link":"https:\/\/imella-store.com\/pt-pt\/author\/"},"uagb_comment_info":0,"uagb_excerpt":"O nosso Sea Moss \u00e9 100% artesanal. Cont\u00e9m 92 dos 102 minerais necess\u00e1rios para uma sa\u00fade ideal. Este Sea Moss \u00e9 seco ao sol para conservar as suas propriedades ricas em minerais que promovem a sa\u00fade digestiva. O Sea Moss tamb\u00e9m \u00e9 rico em probi\u00f3ticos que melhoram a sa\u00fade intestinal e rico em fibras para&hellip;","_links":{"self":[{"href":"https:\/\/imella-store.com\/pt-pt\/wp-json\/wp\/v2\/product\/916","targetHints":{"allow":["GET"]}}],"collection":[{"href":"https:\/\/imella-store.com\/pt-pt\/wp-json\/wp\/v2\/product"}],"about":[{"href":"https:\/\/imella-store.com\/pt-pt\/wp-json\/wp\/v2\/types\/product"}],"replies":[{"embeddable":true,"href":"https:\/\/imella-store.com\/pt-pt\/wp-json\/wp\/v2\/comments?post=916"}],"wp:featuredmedia":[{"embeddable":true,"href":"https:\/\/imella-store.com\/pt-pt\/wp-json\/wp\/v2\/media\/5734"}],"wp:attachment":[{"href":"https:\/\/imella-store.com\/pt-pt\/wp-json\/wp\/v2\/media?parent=916"}],"wp:term":[{"taxonomy":"product_brand","embeddable":true,"href":"https:\/\/imella-store.com\/pt-pt\/wp-json\/wp\/v2\/product_brand?post=916"},{"taxonomy":"product_cat","embeddable":true,"href":"https:\/\/imella-store.com\/pt-pt\/wp-json\/wp\/v2\/product_cat?post=916"},{"taxonomy":"product_tag","embeddable":true,"href":"https:\/\/imella-store.com\/pt-pt\/wp-json\/wp\/v2\/product_tag?post=916"}],"curies":[{"name":"wp","href":"https:\/\/api.w.org\/{rel}","templated":true}]}}