{"id":5913,"date":"2025-11-07T10:09:18","date_gmt":"2025-11-07T10:09:18","guid":{"rendered":"https:\/\/imella-store.com\/product\/t-shirt-imella-its-a-self-love-thing\/"},"modified":"2025-11-07T12:37:34","modified_gmt":"2025-11-07T12:37:34","slug":"t-shirt-imella-its-a-self-love-thing","status":"publish","type":"product","link":"https:\/\/imella-store.com\/pt-pt\/produto\/t-shirt-imella-its-a-self-love-thing\/","title":{"rendered":"T-shirt Imella \u201cIt\u2019s a Self Love Thing\u201d"},"content":{"rendered":"<p>Celebre o bem-estar de dentro para fora com a T-shirt Imella \u201cIt\u2019s a Self Love Thing\u201d.<br \/>\nFeita em 100% algod\u00e3o macio, esta pe\u00e7a representa conforto, confian\u00e7a e prop\u00f3sito.<br \/>\nCom o log\u00f3tipo ic\u00f3nico da Imella na frente e o s\u00edmbolo da marca nas costas, \u00e9 um lembrete di\u00e1rio de que tudo come\u00e7a com o cuidado por si mesmo.<\/p>\n","protected":false},"excerpt":{"rendered":"<p>Conforto com prop\u00f3sito, feito para o amor-pr\u00f3prio di\u00e1rio.<\/p>\n","protected":false},"featured_media":5938,"comment_status":"open","ping_status":"closed","template":"","meta":{"_uag_custom_page_level_css":"","site-sidebar-layout":"default","site-content-layout":"","ast-site-content-layout":"default","site-content-style":"default","site-sidebar-style":"default","ast-global-header-display":"","ast-banner-title-visibility":"","ast-main-header-display":"","ast-hfb-above-header-display":"","ast-hfb-below-header-display":"","ast-hfb-mobile-header-display":"","site-post-title":"","ast-breadcrumbs-content":"","ast-featured-img":"","footer-sml-layout":"","theme-transparent-header-meta":"default","adv-header-id-meta":"","stick-header-meta":"default","header-above-stick-meta":"","header-main-stick-meta":"","header-below-stick-meta":"","astra-migrate-meta-layouts":"set","ast-page-background-enabled":"default","ast-page-background-meta":{"desktop":{"background-color":"","background-image":"","background-repeat":"repeat","background-position":"center center","background-size":"auto","background-attachment":"scroll","background-type":"","background-media":"","overlay-type":"","overlay-color":"","overlay-opacity":"","overlay-gradient":""},"tablet":{"background-color":"","background-image":"","background-repeat":"repeat","background-position":"center center","background-size":"auto","background-attachment":"scroll","background-type":"","background-media":"","overlay-type":"","overlay-color":"","overlay-opacity":"","overlay-gradient":""},"mobile":{"background-color":"","background-image":"","background-repeat":"repeat","background-position":"center center","background-size":"auto","background-attachment":"scroll","background-type":"","background-media":"","overlay-type":"","overlay-color":"","overlay-opacity":"","overlay-gradient":""}},"ast-content-background-meta":{"desktop":{"background-color":"var(--ast-global-color-5)","background-image":"","background-repeat":"repeat","background-position":"center center","background-size":"auto","background-attachment":"scroll","background-type":"","background-media":"","overlay-type":"","overlay-color":"","overlay-opacity":"","overlay-gradient":""},"tablet":{"background-color":"var(--ast-global-color-5)","background-image":"","background-repeat":"repeat","background-position":"center center","background-size":"auto","background-attachment":"scroll","background-type":"","background-media":"","overlay-type":"","overlay-color":"","overlay-opacity":"","overlay-gradient":""},"mobile":{"background-color":"var(--ast-global-color-5)","background-image":"","background-repeat":"repeat","background-position":"center center","background-size":"auto","background-attachment":"scroll","background-type":"","background-media":"","overlay-type":"","overlay-color":"","overlay-opacity":"","overlay-gradient":""}}},"product_brand":[],"product_cat":[182],"product_tag":[231,183,184],"class_list":{"0":"post-5913","1":"product","2":"type-product","3":"status-publish","4":"has-post-thumbnail","6":"product_cat-vegan-wear-pt-pt","7":"product_tag-imella-pt-pt","8":"product_tag-roupa","9":"product_tag-t-shirt-pt-pt","10":"desktop-align-center","11":"tablet-align-center","12":"mobile-align-center","13":"ast-product-gallery-layout-vertical-slider","14":"ast-product-single-variable","15":"ast-product-tabs-layout-accordion","17":"first","18":"instock","19":"taxable","20":"shipping-taxable","21":"purchasable","22":"product-type-variable"},"yoast_head":"<!-- This site is optimized with the Yoast SEO plugin v26.9 - https:\/\/yoast.com\/product\/yoast-seo-wordpress\/ -->\n<title>T-shirt Imella \u201cIt\u2019s a Self Love Thing\u201d - Imella<\/title>\n<meta name=\"robots\" content=\"index, follow, max-snippet:-1, max-image-preview:large, max-video-preview:-1\" \/>\n<link rel=\"canonical\" href=\"https:\/\/imella-store.com\/pt-pt\/produto\/t-shirt-imella-its-a-self-love-thing\/\" \/>\n<meta property=\"og:locale\" content=\"pt_PT\" \/>\n<meta property=\"og:type\" content=\"article\" \/>\n<meta property=\"og:title\" content=\"T-shirt Imella \u201cIt\u2019s a Self Love Thing\u201d - Imella\" \/>\n<meta property=\"og:description\" content=\"Conforto com prop\u00f3sito, feito para o amor-pr\u00f3prio di\u00e1rio.\" \/>\n<meta property=\"og:url\" content=\"https:\/\/imella-store.com\/pt-pt\/produto\/t-shirt-imella-its-a-self-love-thing\/\" \/>\n<meta property=\"og:site_name\" content=\"Imella\" \/>\n<meta property=\"article:publisher\" content=\"https:\/\/www.facebook.com\/imella.store\" \/>\n<meta property=\"article:modified_time\" content=\"2025-11-07T12:37:34+00:00\" \/>\n<meta property=\"og:image\" content=\"https:\/\/imella-store.com\/wp-content\/uploads\/2025\/11\/WhatsApp-Image-2025-11-07-at-11.48.30-2.jpeg\" \/>\n\t<meta property=\"og:image:width\" content=\"1069\" \/>\n\t<meta property=\"og:image:height\" content=\"1130\" \/>\n\t<meta property=\"og:image:type\" content=\"image\/jpeg\" \/>\n<meta name=\"twitter:card\" content=\"summary_large_image\" \/>\n<script type=\"application\/ld+json\" class=\"yoast-schema-graph\">{\"@context\":\"https:\/\/schema.org\",\"@graph\":[{\"@type\":\"WebPage\",\"@id\":\"https:\/\/imella-store.com\/pt-pt\/produto\/t-shirt-imella-its-a-self-love-thing\/\",\"url\":\"https:\/\/imella-store.com\/pt-pt\/produto\/t-shirt-imella-its-a-self-love-thing\/\",\"name\":\"T-shirt Imella \u201cIt\u2019s a Self Love Thing\u201d - Imella\",\"isPartOf\":{\"@id\":\"https:\/\/imella-store.com\/pt-pt\/#website\"},\"primaryImageOfPage\":{\"@id\":\"https:\/\/imella-store.com\/pt-pt\/produto\/t-shirt-imella-its-a-self-love-thing\/#primaryimage\"},\"image\":{\"@id\":\"https:\/\/imella-store.com\/pt-pt\/produto\/t-shirt-imella-its-a-self-love-thing\/#primaryimage\"},\"thumbnailUrl\":\"https:\/\/imella-store.com\/wp-content\/uploads\/2025\/11\/WhatsApp-Image-2025-11-07-at-11.48.30-2.jpeg\",\"datePublished\":\"2025-11-07T10:09:18+00:00\",\"dateModified\":\"2025-11-07T12:37:34+00:00\",\"breadcrumb\":{\"@id\":\"https:\/\/imella-store.com\/pt-pt\/produto\/t-shirt-imella-its-a-self-love-thing\/#breadcrumb\"},\"inLanguage\":\"pt-PT\",\"potentialAction\":[{\"@type\":\"ReadAction\",\"target\":[\"https:\/\/imella-store.com\/pt-pt\/produto\/t-shirt-imella-its-a-self-love-thing\/\"]}]},{\"@type\":\"ImageObject\",\"inLanguage\":\"pt-PT\",\"@id\":\"https:\/\/imella-store.com\/pt-pt\/produto\/t-shirt-imella-its-a-self-love-thing\/#primaryimage\",\"url\":\"https:\/\/imella-store.com\/wp-content\/uploads\/2025\/11\/WhatsApp-Image-2025-11-07-at-11.48.30-2.jpeg\",\"contentUrl\":\"https:\/\/imella-store.com\/wp-content\/uploads\/2025\/11\/WhatsApp-Image-2025-11-07-at-11.48.30-2.jpeg\",\"width\":1069,\"height\":1130},{\"@type\":\"BreadcrumbList\",\"@id\":\"https:\/\/imella-store.com\/pt-pt\/produto\/t-shirt-imella-its-a-self-love-thing\/#breadcrumb\",\"itemListElement\":[{\"@type\":\"ListItem\",\"position\":1,\"name\":\"Home\",\"item\":\"https:\/\/imella-store.com\/pt-pt\/\"},{\"@type\":\"ListItem\",\"position\":2,\"name\":\"Shop\",\"item\":\"https:\/\/imella-store.com\/shop-2\/\"},{\"@type\":\"ListItem\",\"position\":3,\"name\":\"T-shirt Imella \u201cIt\u2019s a Self Love Thing\u201d\"}]},{\"@type\":\"WebSite\",\"@id\":\"https:\/\/imella-store.com\/pt-pt\/#website\",\"url\":\"https:\/\/imella-store.com\/pt-pt\/\",\"name\":\"Imella\",\"description\":\"Order Sea Moss Today!\",\"publisher\":{\"@id\":\"https:\/\/imella-store.com\/pt-pt\/#organization\"},\"potentialAction\":[{\"@type\":\"SearchAction\",\"target\":{\"@type\":\"EntryPoint\",\"urlTemplate\":\"https:\/\/imella-store.com\/pt-pt\/?s={search_term_string}\"},\"query-input\":{\"@type\":\"PropertyValueSpecification\",\"valueRequired\":true,\"valueName\":\"search_term_string\"}}],\"inLanguage\":\"pt-PT\"},{\"@type\":\"Organization\",\"@id\":\"https:\/\/imella-store.com\/pt-pt\/#organization\",\"name\":\"Imella\",\"url\":\"https:\/\/imella-store.com\/pt-pt\/\",\"logo\":{\"@type\":\"ImageObject\",\"inLanguage\":\"pt-PT\",\"@id\":\"https:\/\/imella-store.com\/pt-pt\/#\/schema\/logo\/image\/\",\"url\":\"https:\/\/imella-store.com\/wp-content\/uploads\/2022\/10\/Imella-New-Logo-1292-\u00d7-984-px-3.png\",\"contentUrl\":\"https:\/\/imella-store.com\/wp-content\/uploads\/2022\/10\/Imella-New-Logo-1292-\u00d7-984-px-3.png\",\"width\":646,\"height\":492,\"caption\":\"Imella\"},\"image\":{\"@id\":\"https:\/\/imella-store.com\/pt-pt\/#\/schema\/logo\/image\/\"},\"sameAs\":[\"https:\/\/www.facebook.com\/imella.store\",\"https:\/\/instagram.com\/imela.store\"]}]}<\/script>\n<!-- \/ Yoast SEO plugin. -->","yoast_head_json":{"title":"T-shirt Imella \u201cIt\u2019s a Self Love Thing\u201d - Imella","robots":{"index":"index","follow":"follow","max-snippet":"max-snippet:-1","max-image-preview":"max-image-preview:large","max-video-preview":"max-video-preview:-1"},"canonical":"https:\/\/imella-store.com\/pt-pt\/produto\/t-shirt-imella-its-a-self-love-thing\/","og_locale":"pt_PT","og_type":"article","og_title":"T-shirt Imella \u201cIt\u2019s a Self Love Thing\u201d - Imella","og_description":"Conforto com prop\u00f3sito, feito para o amor-pr\u00f3prio di\u00e1rio.","og_url":"https:\/\/imella-store.com\/pt-pt\/produto\/t-shirt-imella-its-a-self-love-thing\/","og_site_name":"Imella","article_publisher":"https:\/\/www.facebook.com\/imella.store","article_modified_time":"2025-11-07T12:37:34+00:00","og_image":[{"width":1069,"height":1130,"url":"https:\/\/imella-store.com\/wp-content\/uploads\/2025\/11\/WhatsApp-Image-2025-11-07-at-11.48.30-2.jpeg","type":"image\/jpeg"}],"twitter_card":"summary_large_image","schema":{"@context":"https:\/\/schema.org","@graph":[{"@type":"WebPage","@id":"https:\/\/imella-store.com\/pt-pt\/produto\/t-shirt-imella-its-a-self-love-thing\/","url":"https:\/\/imella-store.com\/pt-pt\/produto\/t-shirt-imella-its-a-self-love-thing\/","name":"T-shirt Imella \u201cIt\u2019s a Self Love Thing\u201d - Imella","isPartOf":{"@id":"https:\/\/imella-store.com\/pt-pt\/#website"},"primaryImageOfPage":{"@id":"https:\/\/imella-store.com\/pt-pt\/produto\/t-shirt-imella-its-a-self-love-thing\/#primaryimage"},"image":{"@id":"https:\/\/imella-store.com\/pt-pt\/produto\/t-shirt-imella-its-a-self-love-thing\/#primaryimage"},"thumbnailUrl":"https:\/\/imella-store.com\/wp-content\/uploads\/2025\/11\/WhatsApp-Image-2025-11-07-at-11.48.30-2.jpeg","datePublished":"2025-11-07T10:09:18+00:00","dateModified":"2025-11-07T12:37:34+00:00","breadcrumb":{"@id":"https:\/\/imella-store.com\/pt-pt\/produto\/t-shirt-imella-its-a-self-love-thing\/#breadcrumb"},"inLanguage":"pt-PT","potentialAction":[{"@type":"ReadAction","target":["https:\/\/imella-store.com\/pt-pt\/produto\/t-shirt-imella-its-a-self-love-thing\/"]}]},{"@type":"ImageObject","inLanguage":"pt-PT","@id":"https:\/\/imella-store.com\/pt-pt\/produto\/t-shirt-imella-its-a-self-love-thing\/#primaryimage","url":"https:\/\/imella-store.com\/wp-content\/uploads\/2025\/11\/WhatsApp-Image-2025-11-07-at-11.48.30-2.jpeg","contentUrl":"https:\/\/imella-store.com\/wp-content\/uploads\/2025\/11\/WhatsApp-Image-2025-11-07-at-11.48.30-2.jpeg","width":1069,"height":1130},{"@type":"BreadcrumbList","@id":"https:\/\/imella-store.com\/pt-pt\/produto\/t-shirt-imella-its-a-self-love-thing\/#breadcrumb","itemListElement":[{"@type":"ListItem","position":1,"name":"Home","item":"https:\/\/imella-store.com\/pt-pt\/"},{"@type":"ListItem","position":2,"name":"Shop","item":"https:\/\/imella-store.com\/shop-2\/"},{"@type":"ListItem","position":3,"name":"T-shirt Imella \u201cIt\u2019s a Self Love Thing\u201d"}]},{"@type":"WebSite","@id":"https:\/\/imella-store.com\/pt-pt\/#website","url":"https:\/\/imella-store.com\/pt-pt\/","name":"Imella","description":"Order Sea Moss Today!","publisher":{"@id":"https:\/\/imella-store.com\/pt-pt\/#organization"},"potentialAction":[{"@type":"SearchAction","target":{"@type":"EntryPoint","urlTemplate":"https:\/\/imella-store.com\/pt-pt\/?s={search_term_string}"},"query-input":{"@type":"PropertyValueSpecification","valueRequired":true,"valueName":"search_term_string"}}],"inLanguage":"pt-PT"},{"@type":"Organization","@id":"https:\/\/imella-store.com\/pt-pt\/#organization","name":"Imella","url":"https:\/\/imella-store.com\/pt-pt\/","logo":{"@type":"ImageObject","inLanguage":"pt-PT","@id":"https:\/\/imella-store.com\/pt-pt\/#\/schema\/logo\/image\/","url":"https:\/\/imella-store.com\/wp-content\/uploads\/2022\/10\/Imella-New-Logo-1292-\u00d7-984-px-3.png","contentUrl":"https:\/\/imella-store.com\/wp-content\/uploads\/2022\/10\/Imella-New-Logo-1292-\u00d7-984-px-3.png","width":646,"height":492,"caption":"Imella"},"image":{"@id":"https:\/\/imella-store.com\/pt-pt\/#\/schema\/logo\/image\/"},"sameAs":["https:\/\/www.facebook.com\/imella.store","https:\/\/instagram.com\/imela.store"]}]}},"uagb_featured_image_src":{"full":["https:\/\/imella-store.com\/wp-content\/uploads\/2025\/11\/WhatsApp-Image-2025-11-07-at-11.48.30-2.jpeg",1069,1130,false],"thumbnail":["https:\/\/imella-store.com\/wp-content\/uploads\/2025\/11\/WhatsApp-Image-2025-11-07-at-11.48.30-2-150x150.jpeg",150,150,true],"medium":["https:\/\/imella-store.com\/wp-content\/uploads\/2025\/11\/WhatsApp-Image-2025-11-07-at-11.48.30-2-284x300.jpeg",284,300,true],"medium_large":["https:\/\/imella-store.com\/wp-content\/uploads\/2025\/11\/WhatsApp-Image-2025-11-07-at-11.48.30-2-768x812.jpeg",768,812,true],"large":["https:\/\/imella-store.com\/wp-content\/uploads\/2025\/11\/WhatsApp-Image-2025-11-07-at-11.48.30-2-969x1024.jpeg",969,1024,true],"1536x1536":["https:\/\/imella-store.com\/wp-content\/uploads\/2025\/11\/WhatsApp-Image-2025-11-07-at-11.48.30-2.jpeg",1069,1130,false],"2048x2048":["https:\/\/imella-store.com\/wp-content\/uploads\/2025\/11\/WhatsApp-Image-2025-11-07-at-11.48.30-2.jpeg",1069,1130,false],"woocommerce_thumbnail":["https:\/\/imella-store.com\/wp-content\/uploads\/2025\/11\/WhatsApp-Image-2025-11-07-at-11.48.30-2-300x300.jpeg",300,300,true],"woocommerce_single":["https:\/\/imella-store.com\/wp-content\/uploads\/2025\/11\/WhatsApp-Image-2025-11-07-at-11.48.30-2-600x634.jpeg",600,634,true],"woocommerce_gallery_thumbnail":["https:\/\/imella-store.com\/wp-content\/uploads\/2025\/11\/WhatsApp-Image-2025-11-07-at-11.48.30-2-100x100.jpeg",100,100,true]},"uagb_author_info":{"display_name":"Imella","author_link":"https:\/\/imella-store.com\/pt-pt\/author\/"},"uagb_comment_info":0,"uagb_excerpt":"Conforto com prop\u00f3sito, feito para o amor-pr\u00f3prio di\u00e1rio.","_links":{"self":[{"href":"https:\/\/imella-store.com\/pt-pt\/wp-json\/wp\/v2\/product\/5913","targetHints":{"allow":["GET"]}}],"collection":[{"href":"https:\/\/imella-store.com\/pt-pt\/wp-json\/wp\/v2\/product"}],"about":[{"href":"https:\/\/imella-store.com\/pt-pt\/wp-json\/wp\/v2\/types\/product"}],"replies":[{"embeddable":true,"href":"https:\/\/imella-store.com\/pt-pt\/wp-json\/wp\/v2\/comments?post=5913"}],"wp:featuredmedia":[{"embeddable":true,"href":"https:\/\/imella-store.com\/pt-pt\/wp-json\/wp\/v2\/media\/5938"}],"wp:attachment":[{"href":"https:\/\/imella-store.com\/pt-pt\/wp-json\/wp\/v2\/media?parent=5913"}],"wp:term":[{"taxonomy":"product_brand","embeddable":true,"href":"https:\/\/imella-store.com\/pt-pt\/wp-json\/wp\/v2\/product_brand?post=5913"},{"taxonomy":"product_cat","embeddable":true,"href":"https:\/\/imella-store.com\/pt-pt\/wp-json\/wp\/v2\/product_cat?post=5913"},{"taxonomy":"product_tag","embeddable":true,"href":"https:\/\/imella-store.com\/pt-pt\/wp-json\/wp\/v2\/product_tag?post=5913"}],"curies":[{"name":"wp","href":"https:\/\/api.w.org\/{rel}","templated":true}]}}