{"id":5810,"date":"2025-10-21T16:20:35","date_gmt":"2025-10-21T15:20:35","guid":{"rendered":"https:\/\/imella-store.com\/product\/t-shirt-oficial-imella-preta\/"},"modified":"2025-11-07T11:05:11","modified_gmt":"2025-11-07T11:05:11","slug":"t-shirt-oficial-imella-preta","status":"publish","type":"product","link":"https:\/\/imella-store.com\/pt-pt\/produto\/t-shirt-oficial-imella-preta\/","title":{"rendered":"T-shirt Oficial Imella (Preta)"},"content":{"rendered":"<p>Feita para o conforto do dia a dia e um estilo intemporal.<br \/>\nA T-shirt Oficial Imella (Preta) \u00e9 100% algod\u00e3o, respir\u00e1vel e feita para durar.<br \/>\nUma pe\u00e7a que representa autenticidade, comunidade e o poder de viver com inten\u00e7\u00e3o.<\/p>\n","protected":false},"excerpt":{"rendered":"<p>Feita para o conforto do dia a dia e um estilo intemporal.<br \/>\nA T-shirt Oficial Imella (Preta) \u00e9 100% algod\u00e3o, respir\u00e1vel e feita para durar.<\/p>\n","protected":false},"featured_media":5805,"comment_status":"open","ping_status":"closed","template":"","meta":{"_uag_custom_page_level_css":"","site-sidebar-layout":"default","site-content-layout":"","ast-site-content-layout":"default","site-content-style":"default","site-sidebar-style":"default","ast-global-header-display":"","ast-banner-title-visibility":"","ast-main-header-display":"","ast-hfb-above-header-display":"","ast-hfb-below-header-display":"","ast-hfb-mobile-header-display":"","site-post-title":"","ast-breadcrumbs-content":"","ast-featured-img":"","footer-sml-layout":"","theme-transparent-header-meta":"default","adv-header-id-meta":"","stick-header-meta":"default","header-above-stick-meta":"","header-main-stick-meta":"","header-below-stick-meta":"","astra-migrate-meta-layouts":"set","ast-page-background-enabled":"default","ast-page-background-meta":{"desktop":{"background-color":"","background-image":"","background-repeat":"repeat","background-position":"center center","background-size":"auto","background-attachment":"scroll","background-type":"","background-media":"","overlay-type":"","overlay-color":"","overlay-opacity":"","overlay-gradient":""},"tablet":{"background-color":"","background-image":"","background-repeat":"repeat","background-position":"center center","background-size":"auto","background-attachment":"scroll","background-type":"","background-media":"","overlay-type":"","overlay-color":"","overlay-opacity":"","overlay-gradient":""},"mobile":{"background-color":"","background-image":"","background-repeat":"repeat","background-position":"center center","background-size":"auto","background-attachment":"scroll","background-type":"","background-media":"","overlay-type":"","overlay-color":"","overlay-opacity":"","overlay-gradient":""}},"ast-content-background-meta":{"desktop":{"background-color":"var(--ast-global-color-5)","background-image":"","background-repeat":"repeat","background-position":"center center","background-size":"auto","background-attachment":"scroll","background-type":"","background-media":"","overlay-type":"","overlay-color":"","overlay-opacity":"","overlay-gradient":""},"tablet":{"background-color":"var(--ast-global-color-5)","background-image":"","background-repeat":"repeat","background-position":"center center","background-size":"auto","background-attachment":"scroll","background-type":"","background-media":"","overlay-type":"","overlay-color":"","overlay-opacity":"","overlay-gradient":""},"mobile":{"background-color":"var(--ast-global-color-5)","background-image":"","background-repeat":"repeat","background-position":"center center","background-size":"auto","background-attachment":"scroll","background-type":"","background-media":"","overlay-type":"","overlay-color":"","overlay-opacity":"","overlay-gradient":""}}},"product_brand":[],"product_cat":[182],"product_tag":[231,183,184],"class_list":{"0":"post-5810","1":"product","2":"type-product","3":"status-publish","4":"has-post-thumbnail","6":"product_cat-vegan-wear-pt-pt","7":"product_tag-imella-pt-pt","8":"product_tag-roupa","9":"product_tag-t-shirt-pt-pt","10":"desktop-align-center","11":"tablet-align-center","12":"mobile-align-center","13":"ast-product-gallery-layout-vertical-slider","14":"ast-product-single-variable","15":"ast-product-tabs-layout-accordion","17":"first","18":"instock","19":"taxable","20":"shipping-taxable","21":"purchasable","22":"product-type-variable"},"yoast_head":"<!-- This site is optimized with the Yoast SEO plugin v26.9 - https:\/\/yoast.com\/product\/yoast-seo-wordpress\/ -->\n<title>T-shirt Oficial Imella (Preta) - Imella<\/title>\n<meta name=\"robots\" content=\"index, follow, max-snippet:-1, max-image-preview:large, max-video-preview:-1\" \/>\n<link rel=\"canonical\" href=\"https:\/\/imella-store.com\/pt-pt\/produto\/t-shirt-oficial-imella-preta\/\" \/>\n<meta property=\"og:locale\" content=\"pt_PT\" \/>\n<meta property=\"og:type\" content=\"article\" \/>\n<meta property=\"og:title\" content=\"T-shirt Oficial Imella (Preta) - Imella\" \/>\n<meta property=\"og:description\" content=\"Feita para o conforto do dia a dia e um estilo intemporal. A T-shirt Oficial Imella (Preta) \u00e9 100% algod\u00e3o, respir\u00e1vel e feita para durar.\" \/>\n<meta property=\"og:url\" content=\"https:\/\/imella-store.com\/pt-pt\/produto\/t-shirt-oficial-imella-preta\/\" \/>\n<meta property=\"og:site_name\" content=\"Imella\" \/>\n<meta property=\"article:publisher\" content=\"https:\/\/www.facebook.com\/imella.store\" \/>\n<meta property=\"article:modified_time\" content=\"2025-11-07T11:05:11+00:00\" \/>\n<meta property=\"og:image\" content=\"https:\/\/imella-store.com\/wp-content\/uploads\/2025\/10\/Imella-Official-T-Shirt-A.jpg\" \/>\n\t<meta property=\"og:image:width\" content=\"1080\" \/>\n\t<meta property=\"og:image:height\" content=\"1080\" \/>\n\t<meta property=\"og:image:type\" content=\"image\/jpeg\" \/>\n<meta name=\"twitter:card\" content=\"summary_large_image\" \/>\n<script type=\"application\/ld+json\" class=\"yoast-schema-graph\">{\"@context\":\"https:\/\/schema.org\",\"@graph\":[{\"@type\":\"WebPage\",\"@id\":\"https:\/\/imella-store.com\/pt-pt\/produto\/t-shirt-oficial-imella-preta\/\",\"url\":\"https:\/\/imella-store.com\/pt-pt\/produto\/t-shirt-oficial-imella-preta\/\",\"name\":\"T-shirt Oficial Imella (Preta) - Imella\",\"isPartOf\":{\"@id\":\"https:\/\/imella-store.com\/pt-pt\/#website\"},\"primaryImageOfPage\":{\"@id\":\"https:\/\/imella-store.com\/pt-pt\/produto\/t-shirt-oficial-imella-preta\/#primaryimage\"},\"image\":{\"@id\":\"https:\/\/imella-store.com\/pt-pt\/produto\/t-shirt-oficial-imella-preta\/#primaryimage\"},\"thumbnailUrl\":\"https:\/\/imella-store.com\/wp-content\/uploads\/2025\/10\/Imella-Official-T-Shirt-A.jpg\",\"datePublished\":\"2025-10-21T15:20:35+00:00\",\"dateModified\":\"2025-11-07T11:05:11+00:00\",\"breadcrumb\":{\"@id\":\"https:\/\/imella-store.com\/pt-pt\/produto\/t-shirt-oficial-imella-preta\/#breadcrumb\"},\"inLanguage\":\"pt-PT\",\"potentialAction\":[{\"@type\":\"ReadAction\",\"target\":[\"https:\/\/imella-store.com\/pt-pt\/produto\/t-shirt-oficial-imella-preta\/\"]}]},{\"@type\":\"ImageObject\",\"inLanguage\":\"pt-PT\",\"@id\":\"https:\/\/imella-store.com\/pt-pt\/produto\/t-shirt-oficial-imella-preta\/#primaryimage\",\"url\":\"https:\/\/imella-store.com\/wp-content\/uploads\/2025\/10\/Imella-Official-T-Shirt-A.jpg\",\"contentUrl\":\"https:\/\/imella-store.com\/wp-content\/uploads\/2025\/10\/Imella-Official-T-Shirt-A.jpg\",\"width\":1080,\"height\":1080},{\"@type\":\"BreadcrumbList\",\"@id\":\"https:\/\/imella-store.com\/pt-pt\/produto\/t-shirt-oficial-imella-preta\/#breadcrumb\",\"itemListElement\":[{\"@type\":\"ListItem\",\"position\":1,\"name\":\"Home\",\"item\":\"https:\/\/imella-store.com\/pt-pt\/\"},{\"@type\":\"ListItem\",\"position\":2,\"name\":\"Shop\",\"item\":\"https:\/\/imella-store.com\/shop-2\/\"},{\"@type\":\"ListItem\",\"position\":3,\"name\":\"T-shirt Oficial Imella (Preta)\"}]},{\"@type\":\"WebSite\",\"@id\":\"https:\/\/imella-store.com\/pt-pt\/#website\",\"url\":\"https:\/\/imella-store.com\/pt-pt\/\",\"name\":\"Imella\",\"description\":\"Order Sea Moss Today!\",\"publisher\":{\"@id\":\"https:\/\/imella-store.com\/pt-pt\/#organization\"},\"potentialAction\":[{\"@type\":\"SearchAction\",\"target\":{\"@type\":\"EntryPoint\",\"urlTemplate\":\"https:\/\/imella-store.com\/pt-pt\/?s={search_term_string}\"},\"query-input\":{\"@type\":\"PropertyValueSpecification\",\"valueRequired\":true,\"valueName\":\"search_term_string\"}}],\"inLanguage\":\"pt-PT\"},{\"@type\":\"Organization\",\"@id\":\"https:\/\/imella-store.com\/pt-pt\/#organization\",\"name\":\"Imella\",\"url\":\"https:\/\/imella-store.com\/pt-pt\/\",\"logo\":{\"@type\":\"ImageObject\",\"inLanguage\":\"pt-PT\",\"@id\":\"https:\/\/imella-store.com\/pt-pt\/#\/schema\/logo\/image\/\",\"url\":\"https:\/\/imella-store.com\/wp-content\/uploads\/2022\/10\/Imella-New-Logo-1292-\u00d7-984-px-3.png\",\"contentUrl\":\"https:\/\/imella-store.com\/wp-content\/uploads\/2022\/10\/Imella-New-Logo-1292-\u00d7-984-px-3.png\",\"width\":646,\"height\":492,\"caption\":\"Imella\"},\"image\":{\"@id\":\"https:\/\/imella-store.com\/pt-pt\/#\/schema\/logo\/image\/\"},\"sameAs\":[\"https:\/\/www.facebook.com\/imella.store\",\"https:\/\/instagram.com\/imela.store\"]}]}<\/script>\n<!-- \/ Yoast SEO plugin. -->","yoast_head_json":{"title":"T-shirt Oficial Imella (Preta) - Imella","robots":{"index":"index","follow":"follow","max-snippet":"max-snippet:-1","max-image-preview":"max-image-preview:large","max-video-preview":"max-video-preview:-1"},"canonical":"https:\/\/imella-store.com\/pt-pt\/produto\/t-shirt-oficial-imella-preta\/","og_locale":"pt_PT","og_type":"article","og_title":"T-shirt Oficial Imella (Preta) - Imella","og_description":"Feita para o conforto do dia a dia e um estilo intemporal. A T-shirt Oficial Imella (Preta) \u00e9 100% algod\u00e3o, respir\u00e1vel e feita para durar.","og_url":"https:\/\/imella-store.com\/pt-pt\/produto\/t-shirt-oficial-imella-preta\/","og_site_name":"Imella","article_publisher":"https:\/\/www.facebook.com\/imella.store","article_modified_time":"2025-11-07T11:05:11+00:00","og_image":[{"width":1080,"height":1080,"url":"https:\/\/imella-store.com\/wp-content\/uploads\/2025\/10\/Imella-Official-T-Shirt-A.jpg","type":"image\/jpeg"}],"twitter_card":"summary_large_image","schema":{"@context":"https:\/\/schema.org","@graph":[{"@type":"WebPage","@id":"https:\/\/imella-store.com\/pt-pt\/produto\/t-shirt-oficial-imella-preta\/","url":"https:\/\/imella-store.com\/pt-pt\/produto\/t-shirt-oficial-imella-preta\/","name":"T-shirt Oficial Imella (Preta) - Imella","isPartOf":{"@id":"https:\/\/imella-store.com\/pt-pt\/#website"},"primaryImageOfPage":{"@id":"https:\/\/imella-store.com\/pt-pt\/produto\/t-shirt-oficial-imella-preta\/#primaryimage"},"image":{"@id":"https:\/\/imella-store.com\/pt-pt\/produto\/t-shirt-oficial-imella-preta\/#primaryimage"},"thumbnailUrl":"https:\/\/imella-store.com\/wp-content\/uploads\/2025\/10\/Imella-Official-T-Shirt-A.jpg","datePublished":"2025-10-21T15:20:35+00:00","dateModified":"2025-11-07T11:05:11+00:00","breadcrumb":{"@id":"https:\/\/imella-store.com\/pt-pt\/produto\/t-shirt-oficial-imella-preta\/#breadcrumb"},"inLanguage":"pt-PT","potentialAction":[{"@type":"ReadAction","target":["https:\/\/imella-store.com\/pt-pt\/produto\/t-shirt-oficial-imella-preta\/"]}]},{"@type":"ImageObject","inLanguage":"pt-PT","@id":"https:\/\/imella-store.com\/pt-pt\/produto\/t-shirt-oficial-imella-preta\/#primaryimage","url":"https:\/\/imella-store.com\/wp-content\/uploads\/2025\/10\/Imella-Official-T-Shirt-A.jpg","contentUrl":"https:\/\/imella-store.com\/wp-content\/uploads\/2025\/10\/Imella-Official-T-Shirt-A.jpg","width":1080,"height":1080},{"@type":"BreadcrumbList","@id":"https:\/\/imella-store.com\/pt-pt\/produto\/t-shirt-oficial-imella-preta\/#breadcrumb","itemListElement":[{"@type":"ListItem","position":1,"name":"Home","item":"https:\/\/imella-store.com\/pt-pt\/"},{"@type":"ListItem","position":2,"name":"Shop","item":"https:\/\/imella-store.com\/shop-2\/"},{"@type":"ListItem","position":3,"name":"T-shirt Oficial Imella (Preta)"}]},{"@type":"WebSite","@id":"https:\/\/imella-store.com\/pt-pt\/#website","url":"https:\/\/imella-store.com\/pt-pt\/","name":"Imella","description":"Order Sea Moss Today!","publisher":{"@id":"https:\/\/imella-store.com\/pt-pt\/#organization"},"potentialAction":[{"@type":"SearchAction","target":{"@type":"EntryPoint","urlTemplate":"https:\/\/imella-store.com\/pt-pt\/?s={search_term_string}"},"query-input":{"@type":"PropertyValueSpecification","valueRequired":true,"valueName":"search_term_string"}}],"inLanguage":"pt-PT"},{"@type":"Organization","@id":"https:\/\/imella-store.com\/pt-pt\/#organization","name":"Imella","url":"https:\/\/imella-store.com\/pt-pt\/","logo":{"@type":"ImageObject","inLanguage":"pt-PT","@id":"https:\/\/imella-store.com\/pt-pt\/#\/schema\/logo\/image\/","url":"https:\/\/imella-store.com\/wp-content\/uploads\/2022\/10\/Imella-New-Logo-1292-\u00d7-984-px-3.png","contentUrl":"https:\/\/imella-store.com\/wp-content\/uploads\/2022\/10\/Imella-New-Logo-1292-\u00d7-984-px-3.png","width":646,"height":492,"caption":"Imella"},"image":{"@id":"https:\/\/imella-store.com\/pt-pt\/#\/schema\/logo\/image\/"},"sameAs":["https:\/\/www.facebook.com\/imella.store","https:\/\/instagram.com\/imela.store"]}]}},"uagb_featured_image_src":{"full":["https:\/\/imella-store.com\/wp-content\/uploads\/2025\/10\/Imella-Official-T-Shirt-A.jpg",1080,1080,false],"thumbnail":["https:\/\/imella-store.com\/wp-content\/uploads\/2025\/10\/Imella-Official-T-Shirt-A-150x150.jpg",150,150,true],"medium":["https:\/\/imella-store.com\/wp-content\/uploads\/2025\/10\/Imella-Official-T-Shirt-A-300x300.jpg",300,300,true],"medium_large":["https:\/\/imella-store.com\/wp-content\/uploads\/2025\/10\/Imella-Official-T-Shirt-A-768x768.jpg",768,768,true],"large":["https:\/\/imella-store.com\/wp-content\/uploads\/2025\/10\/Imella-Official-T-Shirt-A-1024x1024.jpg",1024,1024,true],"1536x1536":["https:\/\/imella-store.com\/wp-content\/uploads\/2025\/10\/Imella-Official-T-Shirt-A.jpg",1080,1080,false],"2048x2048":["https:\/\/imella-store.com\/wp-content\/uploads\/2025\/10\/Imella-Official-T-Shirt-A.jpg",1080,1080,false],"woocommerce_thumbnail":["https:\/\/imella-store.com\/wp-content\/uploads\/2025\/10\/Imella-Official-T-Shirt-A-300x300.jpg",300,300,true],"woocommerce_single":["https:\/\/imella-store.com\/wp-content\/uploads\/2025\/10\/Imella-Official-T-Shirt-A-600x600.jpg",600,600,true],"woocommerce_gallery_thumbnail":["https:\/\/imella-store.com\/wp-content\/uploads\/2025\/10\/Imella-Official-T-Shirt-A-100x100.jpg",100,100,true]},"uagb_author_info":{"display_name":"Imella","author_link":"https:\/\/imella-store.com\/pt-pt\/author\/"},"uagb_comment_info":0,"uagb_excerpt":"Feita para o conforto do dia a dia e um estilo intemporal. A T-shirt Oficial Imella (Preta) \u00e9 100% algod\u00e3o, respir\u00e1vel e feita para durar.","_links":{"self":[{"href":"https:\/\/imella-store.com\/pt-pt\/wp-json\/wp\/v2\/product\/5810","targetHints":{"allow":["GET"]}}],"collection":[{"href":"https:\/\/imella-store.com\/pt-pt\/wp-json\/wp\/v2\/product"}],"about":[{"href":"https:\/\/imella-store.com\/pt-pt\/wp-json\/wp\/v2\/types\/product"}],"replies":[{"embeddable":true,"href":"https:\/\/imella-store.com\/pt-pt\/wp-json\/wp\/v2\/comments?post=5810"}],"wp:featuredmedia":[{"embeddable":true,"href":"https:\/\/imella-store.com\/pt-pt\/wp-json\/wp\/v2\/media\/5805"}],"wp:attachment":[{"href":"https:\/\/imella-store.com\/pt-pt\/wp-json\/wp\/v2\/media?parent=5810"}],"wp:term":[{"taxonomy":"product_brand","embeddable":true,"href":"https:\/\/imella-store.com\/pt-pt\/wp-json\/wp\/v2\/product_brand?post=5810"},{"taxonomy":"product_cat","embeddable":true,"href":"https:\/\/imella-store.com\/pt-pt\/wp-json\/wp\/v2\/product_cat?post=5810"},{"taxonomy":"product_tag","embeddable":true,"href":"https:\/\/imella-store.com\/pt-pt\/wp-json\/wp\/v2\/product_tag?post=5810"}],"curies":[{"name":"wp","href":"https:\/\/api.w.org\/{rel}","templated":true}]}}