{"id":5518,"date":"2024-04-10T18:38:50","date_gmt":"2024-04-10T18:38:50","guid":{"rendered":"https:\/\/imella-store.com\/product\/5518\/"},"modified":"2025-08-31T01:02:50","modified_gmt":"2025-08-31T00:02:50","slug":"5518","status":"publish","type":"product","link":"https:\/\/imella-store.com\/pt-pt\/produto\/5518\/","title":{"rendered":"Sea Moss Gel + Guaran\u00e1 &#038; A\u00e7a\u00ed (10 Pack)"},"content":{"rendered":"<p>O Gel de Sea Moss oferece todos os benef\u00edcios do Sea Moss seco regular, numa vers\u00e3o pronta para ser adicionada \u00e0s suas bebidas ou usada como hidratante para a pele.<\/p>\n<p>O nosso Sea Moss \u00e9 100% selvagem. Cont\u00e9m 92 dos 102 minerais essenciais necess\u00e1rios para uma sa\u00fade \u00f3tima.<\/p>\n<p>O Sea Moss Gel + Guaran\u00e1 &amp; A\u00e7a\u00ed combina as melhores propriedades do Sea Moss com duas superfrutas brasileiras populares &#8211; o Guaran\u00e1 e o A\u00e7a\u00ed.<\/p>\n<p>Tanto o Guaran\u00e1 como o A\u00e7a\u00ed s\u00e3o ricos em nutrientes e partilham muitas propriedades antioxidantes. A combina\u00e7\u00e3o das duas superfrutas com o Sea Moss ajuda a melhorar os seus n\u00edveis de energia e concentra\u00e7\u00e3o.<\/p>\n<p>O Sea Moss \u00e9 rico em probi\u00f3ticos, o que ajuda a melhorar a sa\u00fade intestinal, e em fibra, que auxilia nos movimentos intestinais.<\/p>\n<p>Alguns dos benef\u00edcios deste excelente produto s\u00e3o:<br \/>\n\u2022 Ajuda a controlar o peso corporal<br \/>\n\u2022 Fortalece e repara os tecidos conectivos e m\u00fasculos<br \/>\n\u2022 Ajuda aqueles que sofrem de intestino perme\u00e1vel<br \/>\n\u2022 Melhora a pele e as unhas, al\u00e9m de acelerar a recupera\u00e7\u00e3o p\u00f3s-treino<\/p>\n<p>O Sea Moss cont\u00e9m minerais essenciais como o zinco, que promove a sa\u00fade reprodutiva e melhora a circula\u00e7\u00e3o sangu\u00ednea. Isso, por sua vez, aumenta a resist\u00eancia e o fluxo sangu\u00edneo nos \u00f3rg\u00e3os reprodutivos, o que melhora a for\u00e7a das ere\u00e7\u00f5es nos homens e a estimula\u00e7\u00e3o sexual e lubrifica\u00e7\u00e3o nas mulheres.<\/p>\n","protected":false},"excerpt":{"rendered":"<p>O Gel de Sea Moss oferece todos os benef\u00edcios do Sea Moss seco regular, numa vers\u00e3o pronta para ser adicionada \u00e0s suas bebidas ou usada como hidratante para a pele. O nosso Sea Moss \u00e9 100% selvagem. Cont\u00e9m 92 dos 102 minerais essenciais necess\u00e1rios para uma sa\u00fade \u00f3tima. O Sea Moss Gel + Guaran\u00e1 &amp; [&hellip;]<\/p>\n","protected":false},"featured_media":2387,"comment_status":"open","ping_status":"closed","template":"","meta":{"_uag_custom_page_level_css":"","site-sidebar-layout":"default","site-content-layout":"","ast-site-content-layout":"default","site-content-style":"default","site-sidebar-style":"default","ast-global-header-display":"","ast-banner-title-visibility":"","ast-main-header-display":"","ast-hfb-above-header-display":"","ast-hfb-below-header-display":"","ast-hfb-mobile-header-display":"","site-post-title":"","ast-breadcrumbs-content":"","ast-featured-img":"","footer-sml-layout":"","theme-transparent-header-meta":"default","adv-header-id-meta":"","stick-header-meta":"default","header-above-stick-meta":"","header-main-stick-meta":"","header-below-stick-meta":"","astra-migrate-meta-layouts":"set","ast-page-background-enabled":"default","ast-page-background-meta":{"desktop":{"background-color":"","background-image":"","background-repeat":"repeat","background-position":"center center","background-size":"auto","background-attachment":"scroll","background-type":"","background-media":"","overlay-type":"","overlay-color":"","overlay-opacity":"","overlay-gradient":""},"tablet":{"background-color":"","background-image":"","background-repeat":"repeat","background-position":"center center","background-size":"auto","background-attachment":"scroll","background-type":"","background-media":"","overlay-type":"","overlay-color":"","overlay-opacity":"","overlay-gradient":""},"mobile":{"background-color":"","background-image":"","background-repeat":"repeat","background-position":"center center","background-size":"auto","background-attachment":"scroll","background-type":"","background-media":"","overlay-type":"","overlay-color":"","overlay-opacity":"","overlay-gradient":""}},"ast-content-background-meta":{"desktop":{"background-color":"var(--ast-global-color-5)","background-image":"","background-repeat":"repeat","background-position":"center center","background-size":"auto","background-attachment":"scroll","background-type":"","background-media":"","overlay-type":"","overlay-color":"","overlay-opacity":"","overlay-gradient":""},"tablet":{"background-color":"var(--ast-global-color-5)","background-image":"","background-repeat":"repeat","background-position":"center center","background-size":"auto","background-attachment":"scroll","background-type":"","background-media":"","overlay-type":"","overlay-color":"","overlay-opacity":"","overlay-gradient":""},"mobile":{"background-color":"var(--ast-global-color-5)","background-image":"","background-repeat":"repeat","background-position":"center center","background-size":"auto","background-attachment":"scroll","background-type":"","background-media":"","overlay-type":"","overlay-color":"","overlay-opacity":"","overlay-gradient":""}}},"product_brand":[],"product_cat":[168],"product_tag":[131,130,172,129],"class_list":{"0":"post-5518","1":"product","2":"type-product","3":"status-publish","4":"has-post-thumbnail","6":"product_cat-sea-moss-atacado","7":"product_tag-acai-pt-pt","8":"product_tag-guarana-pt-pt","9":"product_tag-sea-moss-gel-pt-pt","10":"product_tag-seamoss-gel-pt-pt","11":"desktop-align-center","12":"tablet-align-center","13":"mobile-align-center","14":"ast-product-gallery-layout-vertical-slider","15":"ast-product-gallery-with-no-image","16":"ast-product-tabs-layout-accordion","18":"first","19":"instock","20":"taxable","21":"shipping-taxable","22":"product-type-simple"},"yoast_head":"<!-- This site is optimized with the Yoast SEO plugin v26.9 - https:\/\/yoast.com\/product\/yoast-seo-wordpress\/ -->\n<title>Sea Moss Gel + Guaran\u00e1 &amp; A\u00e7a\u00ed (10 Pack) - Imella<\/title>\n<meta name=\"robots\" content=\"index, follow, max-snippet:-1, max-image-preview:large, max-video-preview:-1\" \/>\n<link rel=\"canonical\" href=\"https:\/\/imella-store.com\/pt-pt\/produto\/5518\/\" \/>\n<meta property=\"og:locale\" content=\"pt_PT\" \/>\n<meta property=\"og:type\" content=\"article\" \/>\n<meta property=\"og:title\" content=\"Sea Moss Gel + Guaran\u00e1 &amp; A\u00e7a\u00ed (10 Pack) - Imella\" \/>\n<meta property=\"og:description\" content=\"O Gel de Sea Moss oferece todos os benef\u00edcios do Sea Moss seco regular, numa vers\u00e3o pronta para ser adicionada \u00e0s suas bebidas ou usada como hidratante para a pele. O nosso Sea Moss \u00e9 100% selvagem. Cont\u00e9m 92 dos 102 minerais essenciais necess\u00e1rios para uma sa\u00fade \u00f3tima. O Sea Moss Gel + Guaran\u00e1 &amp; [&hellip;]\" \/>\n<meta property=\"og:url\" content=\"https:\/\/imella-store.com\/pt-pt\/produto\/5518\/\" \/>\n<meta property=\"og:site_name\" content=\"Imella\" \/>\n<meta property=\"article:publisher\" content=\"https:\/\/www.facebook.com\/imella.store\" \/>\n<meta property=\"article:modified_time\" content=\"2025-08-31T00:02:50+00:00\" \/>\n<meta property=\"og:image\" content=\"https:\/\/imella-store.com\/wp-content\/uploads\/2024\/04\/Sea-Moss-Gel-GA-10-Pack.jpg\" \/>\n\t<meta property=\"og:image:width\" content=\"1080\" \/>\n\t<meta property=\"og:image:height\" content=\"1080\" \/>\n\t<meta property=\"og:image:type\" content=\"image\/jpeg\" \/>\n<meta name=\"twitter:card\" content=\"summary_large_image\" \/>\n<meta name=\"twitter:label1\" content=\"Tempo estimado de leitura\" \/>\n\t<meta name=\"twitter:data1\" content=\"1 minuto\" \/>\n<script type=\"application\/ld+json\" class=\"yoast-schema-graph\">{\"@context\":\"https:\/\/schema.org\",\"@graph\":[{\"@type\":\"WebPage\",\"@id\":\"https:\/\/imella-store.com\/pt-pt\/produto\/5518\/\",\"url\":\"https:\/\/imella-store.com\/pt-pt\/produto\/5518\/\",\"name\":\"Sea Moss Gel + Guaran\u00e1 & A\u00e7a\u00ed (10 Pack) - Imella\",\"isPartOf\":{\"@id\":\"https:\/\/imella-store.com\/pt-pt\/#website\"},\"primaryImageOfPage\":{\"@id\":\"https:\/\/imella-store.com\/pt-pt\/produto\/5518\/#primaryimage\"},\"image\":{\"@id\":\"https:\/\/imella-store.com\/pt-pt\/produto\/5518\/#primaryimage\"},\"thumbnailUrl\":\"https:\/\/imella-store.com\/wp-content\/uploads\/2024\/04\/Sea-Moss-Gel-GA-10-Pack.jpg\",\"datePublished\":\"2024-04-10T18:38:50+00:00\",\"dateModified\":\"2025-08-31T00:02:50+00:00\",\"breadcrumb\":{\"@id\":\"https:\/\/imella-store.com\/pt-pt\/produto\/5518\/#breadcrumb\"},\"inLanguage\":\"pt-PT\",\"potentialAction\":[{\"@type\":\"ReadAction\",\"target\":[\"https:\/\/imella-store.com\/pt-pt\/produto\/5518\/\"]}]},{\"@type\":\"ImageObject\",\"inLanguage\":\"pt-PT\",\"@id\":\"https:\/\/imella-store.com\/pt-pt\/produto\/5518\/#primaryimage\",\"url\":\"https:\/\/imella-store.com\/wp-content\/uploads\/2024\/04\/Sea-Moss-Gel-GA-10-Pack.jpg\",\"contentUrl\":\"https:\/\/imella-store.com\/wp-content\/uploads\/2024\/04\/Sea-Moss-Gel-GA-10-Pack.jpg\",\"width\":1080,\"height\":1080},{\"@type\":\"BreadcrumbList\",\"@id\":\"https:\/\/imella-store.com\/pt-pt\/produto\/5518\/#breadcrumb\",\"itemListElement\":[{\"@type\":\"ListItem\",\"position\":1,\"name\":\"Home\",\"item\":\"https:\/\/imella-store.com\/pt-pt\/\"},{\"@type\":\"ListItem\",\"position\":2,\"name\":\"Shop\",\"item\":\"https:\/\/imella-store.com\/shop-2\/\"},{\"@type\":\"ListItem\",\"position\":3,\"name\":\"Sea Moss Gel + Guaran\u00e1 &#038; A\u00e7a\u00ed (10 Pack)\"}]},{\"@type\":\"WebSite\",\"@id\":\"https:\/\/imella-store.com\/pt-pt\/#website\",\"url\":\"https:\/\/imella-store.com\/pt-pt\/\",\"name\":\"Imella\",\"description\":\"Order Sea Moss Today!\",\"publisher\":{\"@id\":\"https:\/\/imella-store.com\/pt-pt\/#organization\"},\"potentialAction\":[{\"@type\":\"SearchAction\",\"target\":{\"@type\":\"EntryPoint\",\"urlTemplate\":\"https:\/\/imella-store.com\/pt-pt\/?s={search_term_string}\"},\"query-input\":{\"@type\":\"PropertyValueSpecification\",\"valueRequired\":true,\"valueName\":\"search_term_string\"}}],\"inLanguage\":\"pt-PT\"},{\"@type\":\"Organization\",\"@id\":\"https:\/\/imella-store.com\/pt-pt\/#organization\",\"name\":\"Imella\",\"url\":\"https:\/\/imella-store.com\/pt-pt\/\",\"logo\":{\"@type\":\"ImageObject\",\"inLanguage\":\"pt-PT\",\"@id\":\"https:\/\/imella-store.com\/pt-pt\/#\/schema\/logo\/image\/\",\"url\":\"https:\/\/imella-store.com\/wp-content\/uploads\/2022\/10\/Imella-New-Logo-1292-\u00d7-984-px-3.png\",\"contentUrl\":\"https:\/\/imella-store.com\/wp-content\/uploads\/2022\/10\/Imella-New-Logo-1292-\u00d7-984-px-3.png\",\"width\":646,\"height\":492,\"caption\":\"Imella\"},\"image\":{\"@id\":\"https:\/\/imella-store.com\/pt-pt\/#\/schema\/logo\/image\/\"},\"sameAs\":[\"https:\/\/www.facebook.com\/imella.store\",\"https:\/\/instagram.com\/imela.store\"]}]}<\/script>\n<!-- \/ Yoast SEO plugin. -->","yoast_head_json":{"title":"Sea Moss Gel + Guaran\u00e1 & A\u00e7a\u00ed (10 Pack) - Imella","robots":{"index":"index","follow":"follow","max-snippet":"max-snippet:-1","max-image-preview":"max-image-preview:large","max-video-preview":"max-video-preview:-1"},"canonical":"https:\/\/imella-store.com\/pt-pt\/produto\/5518\/","og_locale":"pt_PT","og_type":"article","og_title":"Sea Moss Gel + Guaran\u00e1 & A\u00e7a\u00ed (10 Pack) - Imella","og_description":"O Gel de Sea Moss oferece todos os benef\u00edcios do Sea Moss seco regular, numa vers\u00e3o pronta para ser adicionada \u00e0s suas bebidas ou usada como hidratante para a pele. O nosso Sea Moss \u00e9 100% selvagem. Cont\u00e9m 92 dos 102 minerais essenciais necess\u00e1rios para uma sa\u00fade \u00f3tima. O Sea Moss Gel + Guaran\u00e1 &amp; [&hellip;]","og_url":"https:\/\/imella-store.com\/pt-pt\/produto\/5518\/","og_site_name":"Imella","article_publisher":"https:\/\/www.facebook.com\/imella.store","article_modified_time":"2025-08-31T00:02:50+00:00","og_image":[{"width":1080,"height":1080,"url":"https:\/\/imella-store.com\/wp-content\/uploads\/2024\/04\/Sea-Moss-Gel-GA-10-Pack.jpg","type":"image\/jpeg"}],"twitter_card":"summary_large_image","twitter_misc":{"Tempo estimado de leitura":"1 minuto"},"schema":{"@context":"https:\/\/schema.org","@graph":[{"@type":"WebPage","@id":"https:\/\/imella-store.com\/pt-pt\/produto\/5518\/","url":"https:\/\/imella-store.com\/pt-pt\/produto\/5518\/","name":"Sea Moss Gel + Guaran\u00e1 & A\u00e7a\u00ed (10 Pack) - Imella","isPartOf":{"@id":"https:\/\/imella-store.com\/pt-pt\/#website"},"primaryImageOfPage":{"@id":"https:\/\/imella-store.com\/pt-pt\/produto\/5518\/#primaryimage"},"image":{"@id":"https:\/\/imella-store.com\/pt-pt\/produto\/5518\/#primaryimage"},"thumbnailUrl":"https:\/\/imella-store.com\/wp-content\/uploads\/2024\/04\/Sea-Moss-Gel-GA-10-Pack.jpg","datePublished":"2024-04-10T18:38:50+00:00","dateModified":"2025-08-31T00:02:50+00:00","breadcrumb":{"@id":"https:\/\/imella-store.com\/pt-pt\/produto\/5518\/#breadcrumb"},"inLanguage":"pt-PT","potentialAction":[{"@type":"ReadAction","target":["https:\/\/imella-store.com\/pt-pt\/produto\/5518\/"]}]},{"@type":"ImageObject","inLanguage":"pt-PT","@id":"https:\/\/imella-store.com\/pt-pt\/produto\/5518\/#primaryimage","url":"https:\/\/imella-store.com\/wp-content\/uploads\/2024\/04\/Sea-Moss-Gel-GA-10-Pack.jpg","contentUrl":"https:\/\/imella-store.com\/wp-content\/uploads\/2024\/04\/Sea-Moss-Gel-GA-10-Pack.jpg","width":1080,"height":1080},{"@type":"BreadcrumbList","@id":"https:\/\/imella-store.com\/pt-pt\/produto\/5518\/#breadcrumb","itemListElement":[{"@type":"ListItem","position":1,"name":"Home","item":"https:\/\/imella-store.com\/pt-pt\/"},{"@type":"ListItem","position":2,"name":"Shop","item":"https:\/\/imella-store.com\/shop-2\/"},{"@type":"ListItem","position":3,"name":"Sea Moss Gel + Guaran\u00e1 &#038; A\u00e7a\u00ed (10 Pack)"}]},{"@type":"WebSite","@id":"https:\/\/imella-store.com\/pt-pt\/#website","url":"https:\/\/imella-store.com\/pt-pt\/","name":"Imella","description":"Order Sea Moss Today!","publisher":{"@id":"https:\/\/imella-store.com\/pt-pt\/#organization"},"potentialAction":[{"@type":"SearchAction","target":{"@type":"EntryPoint","urlTemplate":"https:\/\/imella-store.com\/pt-pt\/?s={search_term_string}"},"query-input":{"@type":"PropertyValueSpecification","valueRequired":true,"valueName":"search_term_string"}}],"inLanguage":"pt-PT"},{"@type":"Organization","@id":"https:\/\/imella-store.com\/pt-pt\/#organization","name":"Imella","url":"https:\/\/imella-store.com\/pt-pt\/","logo":{"@type":"ImageObject","inLanguage":"pt-PT","@id":"https:\/\/imella-store.com\/pt-pt\/#\/schema\/logo\/image\/","url":"https:\/\/imella-store.com\/wp-content\/uploads\/2022\/10\/Imella-New-Logo-1292-\u00d7-984-px-3.png","contentUrl":"https:\/\/imella-store.com\/wp-content\/uploads\/2022\/10\/Imella-New-Logo-1292-\u00d7-984-px-3.png","width":646,"height":492,"caption":"Imella"},"image":{"@id":"https:\/\/imella-store.com\/pt-pt\/#\/schema\/logo\/image\/"},"sameAs":["https:\/\/www.facebook.com\/imella.store","https:\/\/instagram.com\/imela.store"]}]}},"uagb_featured_image_src":{"full":["https:\/\/imella-store.com\/wp-content\/uploads\/2024\/04\/Sea-Moss-Gel-GA-10-Pack.jpg",1080,1080,false],"thumbnail":["https:\/\/imella-store.com\/wp-content\/uploads\/2024\/04\/Sea-Moss-Gel-GA-10-Pack-150x150.jpg",150,150,true],"medium":["https:\/\/imella-store.com\/wp-content\/uploads\/2024\/04\/Sea-Moss-Gel-GA-10-Pack-300x300.jpg",300,300,true],"medium_large":["https:\/\/imella-store.com\/wp-content\/uploads\/2024\/04\/Sea-Moss-Gel-GA-10-Pack-768x768.jpg",768,768,true],"large":["https:\/\/imella-store.com\/wp-content\/uploads\/2024\/04\/Sea-Moss-Gel-GA-10-Pack-1024x1024.jpg",1024,1024,true],"1536x1536":["https:\/\/imella-store.com\/wp-content\/uploads\/2024\/04\/Sea-Moss-Gel-GA-10-Pack.jpg",1080,1080,false],"2048x2048":["https:\/\/imella-store.com\/wp-content\/uploads\/2024\/04\/Sea-Moss-Gel-GA-10-Pack.jpg",1080,1080,false],"woocommerce_thumbnail":["https:\/\/imella-store.com\/wp-content\/uploads\/2024\/04\/Sea-Moss-Gel-GA-10-Pack-300x300.jpg",300,300,true],"woocommerce_single":["https:\/\/imella-store.com\/wp-content\/uploads\/2024\/04\/Sea-Moss-Gel-GA-10-Pack-600x600.jpg",600,600,true],"woocommerce_gallery_thumbnail":["https:\/\/imella-store.com\/wp-content\/uploads\/2024\/04\/Sea-Moss-Gel-GA-10-Pack-100x100.jpg",100,100,true]},"uagb_author_info":{"display_name":"Imella","author_link":"https:\/\/imella-store.com\/pt-pt\/author\/"},"uagb_comment_info":0,"uagb_excerpt":"O Gel de Sea Moss oferece todos os benef\u00edcios do Sea Moss seco regular, numa vers\u00e3o pronta para ser adicionada \u00e0s suas bebidas ou usada como hidratante para a pele. O nosso Sea Moss \u00e9 100% selvagem. Cont\u00e9m 92 dos 102 minerais essenciais necess\u00e1rios para uma sa\u00fade \u00f3tima. O Sea Moss Gel + Guaran\u00e1 &amp;&hellip;","_links":{"self":[{"href":"https:\/\/imella-store.com\/pt-pt\/wp-json\/wp\/v2\/product\/5518","targetHints":{"allow":["GET"]}}],"collection":[{"href":"https:\/\/imella-store.com\/pt-pt\/wp-json\/wp\/v2\/product"}],"about":[{"href":"https:\/\/imella-store.com\/pt-pt\/wp-json\/wp\/v2\/types\/product"}],"replies":[{"embeddable":true,"href":"https:\/\/imella-store.com\/pt-pt\/wp-json\/wp\/v2\/comments?post=5518"}],"wp:featuredmedia":[{"embeddable":true,"href":"https:\/\/imella-store.com\/pt-pt\/wp-json\/wp\/v2\/media\/2387"}],"wp:attachment":[{"href":"https:\/\/imella-store.com\/pt-pt\/wp-json\/wp\/v2\/media?parent=5518"}],"wp:term":[{"taxonomy":"product_brand","embeddable":true,"href":"https:\/\/imella-store.com\/pt-pt\/wp-json\/wp\/v2\/product_brand?post=5518"},{"taxonomy":"product_cat","embeddable":true,"href":"https:\/\/imella-store.com\/pt-pt\/wp-json\/wp\/v2\/product_cat?post=5518"},{"taxonomy":"product_tag","embeddable":true,"href":"https:\/\/imella-store.com\/pt-pt\/wp-json\/wp\/v2\/product_tag?post=5518"}],"curies":[{"name":"wp","href":"https:\/\/api.w.org\/{rel}","templated":true}]}}