{"id":5571,"date":"2025-03-18T18:10:09","date_gmt":"2025-03-18T18:10:09","guid":{"rendered":"https:\/\/imella-store.com\/politica-de-envios\/"},"modified":"2025-03-18T18:10:35","modified_gmt":"2025-03-18T18:10:35","slug":"politica-de-envios","status":"publish","type":"page","link":"https:\/\/imella-store.com\/pt-pt\/politica-de-envios\/","title":{"rendered":"Pol\u00edtica de Envios"},"content":{"rendered":"\n<div class=\"wp-block-uagb-advanced-heading uagb-block-ad049f84\"><h2 class=\"uagb-heading-text\">Pol\u00edtica de Envios<\/h2><\/div>\n\n<p><\/p>\n\n<p><p class=\"p1\">Oferecemos <strong>envios internacionais fi\u00e1veis<\/strong>, com uma taxa de envio fixa baseada na sua localiza\u00e7\u00e3o. Abaixo est\u00e3o os detalhes do nosso envio:<\/p><\/p>\n\n<h3 class=\"wp-block-heading\"><p class=\"p1\"><strong>Processamento e Expedi\u00e7\u00e3o<\/strong><\/p><\/h3>\n\n<p>\u2022 As encomendas s\u00e3o processadas dentro de <strong>1-2 dias \u00fateis<\/strong>.<\/p>\n\n<p>\u2022 Encomendas feitas aos fins de semana ou feriados ser\u00e3o processadas no dia \u00fatil seguinte.<\/p>\n\n<p>\u2022 Um e-mail de confirma\u00e7\u00e3o com os detalhes de rastreamento ser\u00e1 enviado assim que a sua encomenda for expedida.<\/p>\n\n<h3 class=\"wp-block-heading\"><p class=\"p1\"><strong>Taxas de Envio &amp; Tempos Estimados de Entrega<\/strong><\/p><\/h3>\n\n<figure class=\"wp-block-table\"><table class=\"has-fixed-layout\"><thead><tr><th><strong>Destino<\/strong><\/th><th><strong>Taxa de Envio<\/strong><\/th><th><strong>Tempo Estimado de Entrega<\/strong><\/th><\/tr><\/thead><tbody><tr><td>Portugal<\/td><td>\u00a36.73<\/td><td>5-10 dias \u00fateis<\/td><\/tr><tr><td>Reino Unido<\/td><td>\u00a36.73<\/td><td>3-7 dias \u00fateis<\/td><\/tr><tr><td>Brasil<\/td><td>\u00a36.73<\/td><td>7-14 dias \u00fateis<\/td><\/tr><tr><td>Resto do Mundo<\/td><td>\u00a318.43<\/td><td>10-20 dias \u00fateis<\/td><\/tr><\/tbody><\/table><\/figure>\n\n<p><p class=\"p1\"><strong>Envio a Taxa Fixa<\/strong>: Independentemente da quantidade de produtos que encomendar, pagar\u00e1 apenas <strong>uma taxa de envio fixa<\/strong> por pedido.<\/p><\/p>\n\n<h3 class=\"wp-block-heading\"><p class=\"p1\"><strong>Rastreamento &amp; Atualiza\u00e7\u00f5es da Encomenda<\/strong><\/p><\/h3>\n\n<p><p class=\"p1\">Todas as encomendas incluem um <strong>n\u00famero de rastreamento<\/strong>, que ser\u00e1 enviado por e-mail assim que a sua encomenda for expedida.<\/p><\/p>\n\n<h3 class=\"wp-block-heading\"><strong>Restri\u00e7\u00f5es de Envio<\/strong><\/h3>\n\n<p>\u2022 <strong>N\u00e3o enviamos para caixas postais \/ apartados<\/strong>.<\/p>\n\n<p>\u2022 Alguns pa\u00edses podem aplicar <strong>taxas de importa\u00e7\u00e3o<\/strong> ou <strong>direitos alfandeg\u00e1rios<\/strong>, os quais s\u00e3o da responsabilidade do comprador.<\/p>\n\n<h3 class=\"wp-block-heading\"><p class=\"p1\"><strong>Encomendas Perdidas ou Atrasadas<\/strong><\/p><\/h3>\n\n<p><p class=\"p1\">Se a sua encomenda estiver atrasada para al\u00e9m do prazo estimado, por favor contacte a nossa equipa de suporte atrav\u00e9s de <strong>mail@imella-store.com<\/strong> para assist\u00eancia.<\/p><\/p>\n\n<h3 class=\"wp-block-heading\"><strong>Encomendas da Klarna<\/strong><\/h3>\n\n<p>\u2022 Se fez uma encomenda utilizando Klarna, o seu calend\u00e1rio de pagamentos permanecer\u00e1 inalterado.<\/p>\n\n<p>\u2022 A Klarna ir\u00e1 tratar de qualquer disputa relacionada com entregas falhadas ou n\u00e3o rece\u00e7\u00e3o de itens.<\/p>\n\n<hr class=\"wp-block-separator has-alpha-channel-opacity\"\/>\n\n<p>\u00daltima Atualiza\u00e7\u00e3o: 18 de Mar\u00e7o de 2025<\/p>\n","protected":false},"excerpt":{"rendered":"<p>Pol\u00edtica de Envios Oferecemos envios internacionais fi\u00e1veis, com uma taxa de envio fixa baseada na sua localiza\u00e7\u00e3o. Abaixo est\u00e3o os detalhes do nosso envio: Processamento e Expedi\u00e7\u00e3o \u2022 As encomendas s\u00e3o processadas dentro de 1-2 dias \u00fateis. \u2022 Encomendas feitas aos fins de semana ou feriados ser\u00e3o processadas no dia \u00fatil seguinte. \u2022 Um e-mail [&hellip;]<\/p>\n","protected":false},"author":1,"featured_media":0,"parent":0,"menu_order":0,"comment_status":"closed","ping_status":"closed","template":"","meta":{"_uag_custom_page_level_css":"","site-sidebar-layout":"default","site-content-layout":"","ast-site-content-layout":"default","site-content-style":"default","site-sidebar-style":"default","ast-global-header-display":"","ast-banner-title-visibility":"","ast-main-header-display":"","ast-hfb-above-header-display":"","ast-hfb-below-header-display":"","ast-hfb-mobile-header-display":"","site-post-title":"disabled","ast-breadcrumbs-content":"","ast-featured-img":"","footer-sml-layout":"","theme-transparent-header-meta":"","adv-header-id-meta":"","stick-header-meta":"","header-above-stick-meta":"","header-main-stick-meta":"","header-below-stick-meta":"","astra-migrate-meta-layouts":"default","ast-page-background-enabled":"default","ast-page-background-meta":{"desktop":{"background-color":"","background-image":"","background-repeat":"repeat","background-position":"center center","background-size":"auto","background-attachment":"scroll","background-type":"","background-media":"","overlay-type":"","overlay-color":"","overlay-opacity":"","overlay-gradient":""},"tablet":{"background-color":"","background-image":"","background-repeat":"repeat","background-position":"center center","background-size":"auto","background-attachment":"scroll","background-type":"","background-media":"","overlay-type":"","overlay-color":"","overlay-opacity":"","overlay-gradient":""},"mobile":{"background-color":"","background-image":"","background-repeat":"repeat","background-position":"center center","background-size":"auto","background-attachment":"scroll","background-type":"","background-media":"","overlay-type":"","overlay-color":"","overlay-opacity":"","overlay-gradient":""}},"ast-content-background-meta":{"desktop":{"background-color":"var(--ast-global-color-5)","background-image":"","background-repeat":"repeat","background-position":"center center","background-size":"auto","background-attachment":"scroll","background-type":"","background-media":"","overlay-type":"","overlay-color":"","overlay-opacity":"","overlay-gradient":""},"tablet":{"background-color":"var(--ast-global-color-5)","background-image":"","background-repeat":"repeat","background-position":"center center","background-size":"auto","background-attachment":"scroll","background-type":"","background-media":"","overlay-type":"","overlay-color":"","overlay-opacity":"","overlay-gradient":""},"mobile":{"background-color":"var(--ast-global-color-5)","background-image":"","background-repeat":"repeat","background-position":"center center","background-size":"auto","background-attachment":"scroll","background-type":"","background-media":"","overlay-type":"","overlay-color":"","overlay-opacity":"","overlay-gradient":""}},"footnotes":""},"class_list":["post-5571","page","type-page","status-publish","hentry"],"yoast_head":"<!-- This site is optimized with the Yoast SEO plugin v26.9 - https:\/\/yoast.com\/product\/yoast-seo-wordpress\/ -->\n<title>Pol\u00edtica de Envios - Imella<\/title>\n<meta name=\"description\" content=\"Oferecemos envios internacionais fi\u00e1veis, com uma taxa de envio fixa baseada na sua localiza\u00e7\u00e3o. Aqui est\u00e3o os detalhes do nosso envio.\" \/>\n<meta name=\"robots\" content=\"index, follow, max-snippet:-1, max-image-preview:large, max-video-preview:-1\" \/>\n<link rel=\"canonical\" href=\"https:\/\/imella-store.com\/pt-pt\/politica-de-envios\/\" \/>\n<meta property=\"og:locale\" content=\"pt_PT\" \/>\n<meta property=\"og:type\" content=\"article\" \/>\n<meta property=\"og:title\" content=\"Pol\u00edtica de Envios - Imella\" \/>\n<meta property=\"og:description\" content=\"Oferecemos envios internacionais fi\u00e1veis, com uma taxa de envio fixa baseada na sua localiza\u00e7\u00e3o. Aqui est\u00e3o os detalhes do nosso envio.\" \/>\n<meta property=\"og:url\" content=\"https:\/\/imella-store.com\/pt-pt\/politica-de-envios\/\" \/>\n<meta property=\"og:site_name\" content=\"Imella\" \/>\n<meta property=\"article:publisher\" content=\"https:\/\/www.facebook.com\/imella.store\" \/>\n<meta property=\"article:modified_time\" content=\"2025-03-18T18:10:35+00:00\" \/>\n<meta name=\"twitter:card\" content=\"summary_large_image\" \/>\n<meta name=\"twitter:label1\" content=\"Tempo estimado de leitura\" \/>\n\t<meta name=\"twitter:data1\" content=\"1 minuto\" \/>\n<script type=\"application\/ld+json\" class=\"yoast-schema-graph\">{\"@context\":\"https:\/\/schema.org\",\"@graph\":[{\"@type\":\"WebPage\",\"@id\":\"https:\/\/imella-store.com\/pt-pt\/politica-de-envios\/\",\"url\":\"https:\/\/imella-store.com\/pt-pt\/politica-de-envios\/\",\"name\":\"Pol\u00edtica de Envios - Imella\",\"isPartOf\":{\"@id\":\"https:\/\/imella-store.com\/pt-pt\/#website\"},\"datePublished\":\"2025-03-18T18:10:09+00:00\",\"dateModified\":\"2025-03-18T18:10:35+00:00\",\"description\":\"Oferecemos envios internacionais fi\u00e1veis, com uma taxa de envio fixa baseada na sua localiza\u00e7\u00e3o. Aqui est\u00e3o os detalhes do nosso envio.\",\"breadcrumb\":{\"@id\":\"https:\/\/imella-store.com\/pt-pt\/politica-de-envios\/#breadcrumb\"},\"inLanguage\":\"pt-PT\",\"potentialAction\":[{\"@type\":\"ReadAction\",\"target\":[\"https:\/\/imella-store.com\/pt-pt\/politica-de-envios\/\"]}]},{\"@type\":\"BreadcrumbList\",\"@id\":\"https:\/\/imella-store.com\/pt-pt\/politica-de-envios\/#breadcrumb\",\"itemListElement\":[{\"@type\":\"ListItem\",\"position\":1,\"name\":\"Home\",\"item\":\"https:\/\/imella-store.com\/pt-pt\/\"},{\"@type\":\"ListItem\",\"position\":2,\"name\":\"Pol\u00edtica de Envios\"}]},{\"@type\":\"WebSite\",\"@id\":\"https:\/\/imella-store.com\/pt-pt\/#website\",\"url\":\"https:\/\/imella-store.com\/pt-pt\/\",\"name\":\"Imella\",\"description\":\"Order Sea Moss Today!\",\"publisher\":{\"@id\":\"https:\/\/imella-store.com\/pt-pt\/#organization\"},\"potentialAction\":[{\"@type\":\"SearchAction\",\"target\":{\"@type\":\"EntryPoint\",\"urlTemplate\":\"https:\/\/imella-store.com\/pt-pt\/?s={search_term_string}\"},\"query-input\":{\"@type\":\"PropertyValueSpecification\",\"valueRequired\":true,\"valueName\":\"search_term_string\"}}],\"inLanguage\":\"pt-PT\"},{\"@type\":\"Organization\",\"@id\":\"https:\/\/imella-store.com\/pt-pt\/#organization\",\"name\":\"Imella\",\"url\":\"https:\/\/imella-store.com\/pt-pt\/\",\"logo\":{\"@type\":\"ImageObject\",\"inLanguage\":\"pt-PT\",\"@id\":\"https:\/\/imella-store.com\/pt-pt\/#\/schema\/logo\/image\/\",\"url\":\"https:\/\/imella-store.com\/wp-content\/uploads\/2022\/10\/Imella-New-Logo-1292-\u00d7-984-px-3.png\",\"contentUrl\":\"https:\/\/imella-store.com\/wp-content\/uploads\/2022\/10\/Imella-New-Logo-1292-\u00d7-984-px-3.png\",\"width\":646,\"height\":492,\"caption\":\"Imella\"},\"image\":{\"@id\":\"https:\/\/imella-store.com\/pt-pt\/#\/schema\/logo\/image\/\"},\"sameAs\":[\"https:\/\/www.facebook.com\/imella.store\",\"https:\/\/instagram.com\/imela.store\"]}]}<\/script>\n<!-- \/ Yoast SEO plugin. -->","yoast_head_json":{"title":"Pol\u00edtica de Envios - Imella","description":"Oferecemos envios internacionais fi\u00e1veis, com uma taxa de envio fixa baseada na sua localiza\u00e7\u00e3o. Aqui est\u00e3o os detalhes do nosso envio.","robots":{"index":"index","follow":"follow","max-snippet":"max-snippet:-1","max-image-preview":"max-image-preview:large","max-video-preview":"max-video-preview:-1"},"canonical":"https:\/\/imella-store.com\/pt-pt\/politica-de-envios\/","og_locale":"pt_PT","og_type":"article","og_title":"Pol\u00edtica de Envios - Imella","og_description":"Oferecemos envios internacionais fi\u00e1veis, com uma taxa de envio fixa baseada na sua localiza\u00e7\u00e3o. Aqui est\u00e3o os detalhes do nosso envio.","og_url":"https:\/\/imella-store.com\/pt-pt\/politica-de-envios\/","og_site_name":"Imella","article_publisher":"https:\/\/www.facebook.com\/imella.store","article_modified_time":"2025-03-18T18:10:35+00:00","twitter_card":"summary_large_image","twitter_misc":{"Tempo estimado de leitura":"1 minuto"},"schema":{"@context":"https:\/\/schema.org","@graph":[{"@type":"WebPage","@id":"https:\/\/imella-store.com\/pt-pt\/politica-de-envios\/","url":"https:\/\/imella-store.com\/pt-pt\/politica-de-envios\/","name":"Pol\u00edtica de Envios - Imella","isPartOf":{"@id":"https:\/\/imella-store.com\/pt-pt\/#website"},"datePublished":"2025-03-18T18:10:09+00:00","dateModified":"2025-03-18T18:10:35+00:00","description":"Oferecemos envios internacionais fi\u00e1veis, com uma taxa de envio fixa baseada na sua localiza\u00e7\u00e3o. Aqui est\u00e3o os detalhes do nosso envio.","breadcrumb":{"@id":"https:\/\/imella-store.com\/pt-pt\/politica-de-envios\/#breadcrumb"},"inLanguage":"pt-PT","potentialAction":[{"@type":"ReadAction","target":["https:\/\/imella-store.com\/pt-pt\/politica-de-envios\/"]}]},{"@type":"BreadcrumbList","@id":"https:\/\/imella-store.com\/pt-pt\/politica-de-envios\/#breadcrumb","itemListElement":[{"@type":"ListItem","position":1,"name":"Home","item":"https:\/\/imella-store.com\/pt-pt\/"},{"@type":"ListItem","position":2,"name":"Pol\u00edtica de Envios"}]},{"@type":"WebSite","@id":"https:\/\/imella-store.com\/pt-pt\/#website","url":"https:\/\/imella-store.com\/pt-pt\/","name":"Imella","description":"Order Sea Moss Today!","publisher":{"@id":"https:\/\/imella-store.com\/pt-pt\/#organization"},"potentialAction":[{"@type":"SearchAction","target":{"@type":"EntryPoint","urlTemplate":"https:\/\/imella-store.com\/pt-pt\/?s={search_term_string}"},"query-input":{"@type":"PropertyValueSpecification","valueRequired":true,"valueName":"search_term_string"}}],"inLanguage":"pt-PT"},{"@type":"Organization","@id":"https:\/\/imella-store.com\/pt-pt\/#organization","name":"Imella","url":"https:\/\/imella-store.com\/pt-pt\/","logo":{"@type":"ImageObject","inLanguage":"pt-PT","@id":"https:\/\/imella-store.com\/pt-pt\/#\/schema\/logo\/image\/","url":"https:\/\/imella-store.com\/wp-content\/uploads\/2022\/10\/Imella-New-Logo-1292-\u00d7-984-px-3.png","contentUrl":"https:\/\/imella-store.com\/wp-content\/uploads\/2022\/10\/Imella-New-Logo-1292-\u00d7-984-px-3.png","width":646,"height":492,"caption":"Imella"},"image":{"@id":"https:\/\/imella-store.com\/pt-pt\/#\/schema\/logo\/image\/"},"sameAs":["https:\/\/www.facebook.com\/imella.store","https:\/\/instagram.com\/imela.store"]}]}},"uagb_featured_image_src":{"full":false,"thumbnail":false,"medium":false,"medium_large":false,"large":false,"1536x1536":false,"2048x2048":false,"woocommerce_thumbnail":false,"woocommerce_single":false,"woocommerce_gallery_thumbnail":false},"uagb_author_info":{"display_name":"Imella","author_link":"https:\/\/imella-store.com\/pt-pt\/author\/admin\/"},"uagb_comment_info":0,"uagb_excerpt":"Pol\u00edtica de Envios Oferecemos envios internacionais fi\u00e1veis, com uma taxa de envio fixa baseada na sua localiza\u00e7\u00e3o. Abaixo est\u00e3o os detalhes do nosso envio: Processamento e Expedi\u00e7\u00e3o \u2022 As encomendas s\u00e3o processadas dentro de 1-2 dias \u00fateis. \u2022 Encomendas feitas aos fins de semana ou feriados ser\u00e3o processadas no dia \u00fatil seguinte. \u2022 Um e-mail&hellip;","_links":{"self":[{"href":"https:\/\/imella-store.com\/pt-pt\/wp-json\/wp\/v2\/pages\/5571","targetHints":{"allow":["GET"]}}],"collection":[{"href":"https:\/\/imella-store.com\/pt-pt\/wp-json\/wp\/v2\/pages"}],"about":[{"href":"https:\/\/imella-store.com\/pt-pt\/wp-json\/wp\/v2\/types\/page"}],"author":[{"embeddable":true,"href":"https:\/\/imella-store.com\/pt-pt\/wp-json\/wp\/v2\/users\/1"}],"replies":[{"embeddable":true,"href":"https:\/\/imella-store.com\/pt-pt\/wp-json\/wp\/v2\/comments?post=5571"}],"version-history":[{"count":0,"href":"https:\/\/imella-store.com\/pt-pt\/wp-json\/wp\/v2\/pages\/5571\/revisions"}],"wp:attachment":[{"href":"https:\/\/imella-store.com\/pt-pt\/wp-json\/wp\/v2\/media?parent=5571"}],"curies":[{"name":"wp","href":"https:\/\/api.w.org\/{rel}","templated":true}]}}