{"id":1012,"date":"2022-05-13T17:44:24","date_gmt":"2022-05-13T17:44:24","guid":{"rendered":"https:\/\/imella-store.com\/?page_id=1012"},"modified":"2025-01-20T21:14:16","modified_gmt":"2025-01-20T21:14:16","slug":"termos","status":"publish","type":"page","link":"https:\/\/imella-store.com\/pt-pt\/termos\/","title":{"rendered":"Termos e Condi\u00e7\u00f5es"},"content":{"rendered":"<h2 style=\"text-align: center;\">Termos e Condi\u00e7\u00f5es<\/h2>\n<p>\u00daltima atualiza\u00e7\u00e3o: 06 de agosto de 2021<\/p>\n<p>Por favor, leia estes termos e condi\u00e7\u00f5es cuidadosamente antes de usar o Nosso Servi\u00e7o.<\/p>\n<h3>Interpreta\u00e7\u00e3o e Defini\u00e7\u00f5es<\/h3>\n<h4>Interpreta\u00e7\u00e3o<\/h4>\n<p>As palavras cuja letra inicial \u00e9 mai\u00fascula t\u00eam significados definidos nas seguintes condi\u00e7\u00f5es. As seguintes defini\u00e7\u00f5es ter\u00e3o o mesmo significado, independentemente de aparecerem no singular ou no plural.<\/p>\n<h4>Defini\u00e7\u00f5es<\/h4>\n<p>Para efeitos destes Termos e Condi\u00e7\u00f5es:<\/p>\n<ul>\n<li><strong>Afiliado<\/strong>\u00a0significa uma entidade que controla, \u00e9 controlada ou est\u00e1 sob controle comum com uma parte, onde \u201ccontrole\u201d significa propriedade de 50% ou mais das a\u00e7\u00f5es, participa\u00e7\u00e3o acion\u00e1ria ou outros valores mobili\u00e1rios com direito a voto para elei\u00e7\u00e3o de diretores ou outra autoridade administrativa .<\/li>\n<li><strong>Pa\u00eds<\/strong>\u00a0refere-se a: Reino Unido<\/li>\n<li><strong>Empresa<\/strong>\u00a0(referida como \u201ca Empresa\u201d, \u201cN\u00f3s\u201d, \u201cN\u00f3s\u201d ou \u201cNosso\u201d neste Contrato) refere-se \u00e0 Imella.<\/li>\n<li><strong>Dispositivo<\/strong>\u00a0significa qualquer dispositivo que possa acessar o Servi\u00e7o, como um computador, um celular ou um tablet digital.<\/li>\n<li><strong>Servi\u00e7o<\/strong>\u00a0refere-se ao Site.<\/li>\n<li><strong>Termos e Condi\u00e7\u00f5es<\/strong>\u00a0(tamb\u00e9m referidos como \u201cTermos\u201d) significam estes Termos e Condi\u00e7\u00f5es que formam o acordo integral entre Voc\u00ea e a Empresa em rela\u00e7\u00e3o ao uso do Servi\u00e7o. Este contrato de Termos e Condi\u00e7\u00f5es foi criado com a ajuda do\u00a0<a href=\"https:\/\/www.termsfeed.com\/terms-conditions-generator\/\" target=\"_blank\" rel=\"noopener noreferrer\">Gerador de Termos e Condi\u00e7\u00f5es<\/a>.<\/li>\n<li><strong>Servi\u00e7o<\/strong>\u00a0de social media de terceiros significa qualquer servi\u00e7o ou conte\u00fado (incluindo dados, informa\u00e7\u00f5es, produtos ou servi\u00e7os) fornecido por um terceiro que possa ser exibido, inclu\u00eddo ou disponibilizado pelo Servi\u00e7o.<\/li>\n<li><strong>Site<\/strong>\u00a0refere-se a Imella, acess\u00edvel a partir de\u00a0<a href=\"https:\/\/imella-store.com\/pt-pt\/termos\/imella-store.com\">imella-store.com<\/a><\/li>\n<li><strong>Voc\u00ea<\/strong>\u00a0significa o indiv\u00edduo que acessa ou usa o Servi\u00e7o, ou a empresa ou outra entidade legal em nome da qual tal indiv\u00edduo est\u00e1 a acessar ou a usar o Servi\u00e7o, conforme aplic\u00e1vel.<\/li>\n<\/ul>\n<h3>Reconhecimento<\/h3>\n<p>Estes s\u00e3o os Termos e Condi\u00e7\u00f5es que regem o uso deste Servi\u00e7o e o contrato que vigora entre Voc\u00ea e a Empresa. Estes Termos e Condi\u00e7\u00f5es estabelecem os direitos e obriga\u00e7\u00f5es de todos os utilizadores em rela\u00e7\u00e3o ao uso do Servi\u00e7o.<\/p>\n<p>O acesso e o uso do Servi\u00e7o est\u00e1 condicionado \u00e0 sua aceita\u00e7\u00e3o e cumprimento destes Termos e Condi\u00e7\u00f5es. Estes Termos e Condi\u00e7\u00f5es aplicam-se a todos os visitantes, utilizadores e outros que acedem ou usam o Servi\u00e7o.<\/p>\n<p>Ao acessar ou usar o Servi\u00e7o, voc\u00ea concorda em ficar vinculado a estes Termos e Condi\u00e7\u00f5es. Se discordar de qualquer parte destes Termos e Condi\u00e7\u00f5es, n\u00e3o poder\u00e1 aceder ao Servi\u00e7o.<\/p>\n<p>Voc\u00ea declara que tem mais de 18 anos. A Empresa n\u00e3o permite que menores de 18 anos usem o Servi\u00e7o.<\/p>\n<p>O seu acesso e o uso do Servi\u00e7o tamb\u00e9m est\u00e1 condicionado \u00e0 sua aceita\u00e7\u00e3o e cumprimento da Pol\u00edtica de Privacidade da Empresa. A nossa Pol\u00edtica de Privacidade descreve as Nossas pol\u00edticas e procedimentos sobre a capta\u00e7\u00e3o, uso e divulga\u00e7\u00e3o das Suas informa\u00e7\u00f5es pessoais quando Voc\u00ea usa a Aplica\u00e7\u00e3o ou o Site e informa sobre os Seus direitos de privacidade e como a lei O protege. Por favor, leia a nossa Pol\u00edtica de Privacidade cuidadosamente antes de usar o Nosso Servi\u00e7o.<\/p>\n<h3>Links para outros sites<\/h3>\n<p>O Nosso Servi\u00e7o pode conter links para sites ou servi\u00e7os de terceiros que n\u00e3o s\u00e3o da propriedade ou controlados pela Empresa.<\/p>\n<p>A Empresa n\u00e3o tem controlo e n\u00e3o assume nenhuma responsabilidade pelo conte\u00fado, pol\u00edticas de privacidade ou pr\u00e1ticas de quaisquer sites ou servi\u00e7os de terceiros. Voc\u00ea tamb\u00e9m reconhece e concorda que a Empresa n\u00e3o ser\u00e1 respons\u00e1vel, direta ou indiretamente, por qualquer dano ou perda causada ou alegadamente causada por ou em conex\u00e3o com o uso ou depend\u00eancia de qualquer conte\u00fado, bens ou servi\u00e7os dispon\u00edveis em ou atrav\u00e9s de tais sites ou servi\u00e7os.<\/p>\n<p>Recomendamos vivamente que leia os termos e condi\u00e7\u00f5es e as pol\u00edticas de privacidade de quaisquer sites ou servi\u00e7os de terceiros que visite.<\/p>\n<h3>T\u00e9rmino<\/h3>\n<p>Podemos encerrar ou suspender o seu acesso imediatamente, sem aviso pr\u00e9vio ou responsabilidade, por qualquer motivo, incluindo, sem limita\u00e7\u00e3o, se voc\u00ea violar estes Termos e Condi\u00e7\u00f5es.<\/p>\n<p>Ap\u00f3s a rescis\u00e3o, o Seu direito de usar o Servi\u00e7o cessar\u00e1 imediatamente.<\/p>\n<h3>Limita\u00e7\u00e3o de responsabilidade<\/h3>\n<p>N\u00e3o obstante quaisquer danos que voc\u00ea possa incorrer, toda a responsabilidade da Empresa e de qualquer um dos seus fornecedores sob qualquer disposi\u00e7\u00e3o destes Termos e o Seu recurso exclusivo para todos os itens acima ser\u00e3o limitados ao valor realmente pago por Voc\u00ea por meio do Servi\u00e7o ou 100 USD se Voc\u00ea n\u00e3o comprou nada atrav\u00e9s do Servi\u00e7o.<\/p>\n<p>Na extens\u00e3o m\u00e1xima permitida pela lei aplic\u00e1vel, em nenhum caso a Empresa ou os seus fornecedores ser\u00e3o respons\u00e1veis \u200b\u200bpor quaisquer danos especiais, incidentais, indiretos ou consequentes (inclu\u00edndo, mas n\u00e3o limitado a, danos por lucros cessantes, perda de dados ou outras informa\u00e7\u00f5es, para interrup\u00e7\u00e3o de neg\u00f3cios, danos pessoais, perda de privacidade decorrente ou de alguma forma relacionada ao uso ou incapacidade de usar o Servi\u00e7o, software de terceiros e\/ou hardware de terceiros usado com o Servi\u00e7o, ou de outra forma em conex\u00e3o com qualquer disposi\u00e7\u00e3o destes Termos), mesmo que a Empresa ou qualquer fornecedor tenha sido avisado da possibilidade de tais danos e mesmo que a solu\u00e7\u00e3o falhe\u00a0a sua finalidade essencial.<\/p>\n<p>Alguns estados n\u00e3o permitem a exclus\u00e3o de garantias impl\u00edcitas ou limita\u00e7\u00e3o de responsabilidade por danos incidentais ou consequentes, o que significa que algumas das limita\u00e7\u00f5es acima podem n\u00e3o se aplicar. Nesses estados, a responsabilidade de cada parte ser\u00e1 limitada ao m\u00e1ximo permitido por lei.<\/p>\n<h3>Aviso Legal \u201cCOMO EST\u00c1\u201d e \u201cCONFORME DISPON\u00cdVEL\u201d<\/h3>\n<p>O Servi\u00e7o \u00e9 fornecido a Voc\u00ea \u201cCOMO EST\u00c1\u201d e \u201cCONFORME DISPON\u00cdVEL\u201d e com todas as falhas e defeitos sem garantia de qualquer tipo. Na extens\u00e3o m\u00e1xima permitida pela lei aplic\u00e1vel, a Empresa, em seu pr\u00f3prio nome e em nome das suas Afiliadas e dos seus respectivos licenciadores e prestadores de servi\u00e7os, renuncia expressamente a todas as garantias, sejam expressas, impl\u00edcitas, estatut\u00e1rias ou de outra forma, com rela\u00e7\u00e3o ao Servi\u00e7o, incluindo todas as garantias impl\u00edcitas de comercializa\u00e7\u00e3o, adequa\u00e7\u00e3o a uma finalidade espec\u00edfica, t\u00edtulo e n\u00e3o viola\u00e7\u00e3o, e garantias que possam surgir do curso de negocia\u00e7\u00e3o, curso de desempenho, uso ou pr\u00e1tica comercial. Sem limita\u00e7\u00e3o ao acima exposto, a Empresa n\u00e3o fornece nenhuma garantia ou compromisso e n\u00e3o faz nenhuma representa\u00e7\u00e3o de qualquer tipo de que o Servi\u00e7o atenda aos Seus requisitos, alcance os resultados pretendidos, seja compat\u00edvel ou funcione com qualquer outro software, aplica\u00e7\u00e3o, sistema ou servi\u00e7o, opere sem interrup\u00e7\u00e3o, atenda a qualquer padr\u00e3o de desempenho ou confiabilidade ou esteja livre de erros ou que quaisquer erros ou defeitos possam ou sejam corrigidos.<\/p>\n<p>Sem limitar o precedente, nem a Empresa nem qualquer provedor da empresa faz qualquer declara\u00e7\u00e3o ou garantia de qualquer tipo, expressa ou impl\u00edcita: (i) quanto \u00e0 opera\u00e7\u00e3o ou disponibilidade do Servi\u00e7o, ou as informa\u00e7\u00f5es, conte\u00fado e materiais ou produtos nele inclu\u00eddo; (ii) que o Servi\u00e7o ser\u00e1 ininterrupto ou livre de erros; (iii) quanto \u00e0 precis\u00e3o, confiabilidade ou atualidade de qualquer informa\u00e7\u00e3o ou conte\u00fado fornecido por meio do Servi\u00e7o; ou (iv) que o Servi\u00e7o, os seus servidores, o conte\u00fado ou e-mails enviados de ou em nome da Empresa est\u00e3o livres de v\u00edrus, scripts, trojans, worms, malware, timebombs ou outros componentes prejudiciais.<\/p>\n<p>Algumas jurisdi\u00e7\u00f5es n\u00e3o permitem a exclus\u00e3o de certos tipos de garantias ou limita\u00e7\u00f5es dos direitos legais aplic\u00e1veis \u200b\u200bde um consumidor, portanto, algumas ou todas as exclus\u00f5es e limita\u00e7\u00f5es acima podem n\u00e3o se aplicar a Voc\u00ea. Mas, em tal caso, as exclus\u00f5es e limita\u00e7\u00f5es estabelecidas nesta sec\u00e7\u00e3o ser\u00e3o aplicadas na maior extens\u00e3o poss\u00edvel sob a lei aplic\u00e1vel.<\/p>\n<h3>Lei Aplic\u00e1vel<\/h3>\n<p>As leis do Pa\u00eds, excluindo seus conflitos de regras legais, reger\u00e3o estes Termos e o Seu uso do Servi\u00e7o. O Seu uso da Aplica\u00e7\u00e3o tamb\u00e9m pode estar sujeito a outras leis locais, estaduais, nacionais ou internacionais.<\/p>\n<h3>Resolu\u00e7\u00e3o de disputas<\/h3>\n<p>Se voc\u00ea tiver alguma d\u00favida ou disputa sobre o Servi\u00e7o, voc\u00ea concorda em primeiro tentar resolver a disputa informalmente entrando em contacto com a Empresa.<\/p>\n<h3>Para utilizadores da Uni\u00e3o Europeia (UE)<\/h3>\n<p>Se for um consumidor da Uni\u00e3o Europeia, beneficiar\u00e1 de quaisquer disposi\u00e7\u00f5es obrigat\u00f3rias da lei do pa\u00eds em que reside.<\/p>\n<h3>Conformidade Legal dos Estados Unidos<\/h3>\n<p>Voc\u00ea declara e garante que (i) Voc\u00ea n\u00e3o est\u00e1 localizado num pa\u00eds sujeito ao embargo do governo dos Estados Unidos ou que foi designado pelo governo dos Estados Unidos como um pa\u00eds de \u201capoio ao terrorismo\u201d e (ii) Voc\u00ea n\u00e3o est\u00e1 listado em qualquer lista do governo dos Estados Unidos de partes proibidas ou restritas.<\/p>\n<h3>Separabilidade e Ren\u00fancia<\/h3>\n<h4>Divisibilidade<\/h4>\n<p>Se qualquer disposi\u00e7\u00e3o destes Termos for considerada inexequ\u00edvel ou inv\u00e1lida, tal disposi\u00e7\u00e3o ser\u00e1 alterada e interpretada para atingir os objetivos de tal disposi\u00e7\u00e3o na medida do poss\u00edvel sob a lei aplic\u00e1vel e as disposi\u00e7\u00f5es restantes continuar\u00e3o em pleno vigor e efeito.<\/p>\n<h4>Ren\u00fancia<\/h4>\n<p>Excepto conforme previsto neste documento, a falha em exercer um direito ou exigir o cumprimento de uma obriga\u00e7\u00e3o sob estes Termos n\u00e3o afetar\u00e1 a capacidade de uma parte de exercer tal direito ou exigir tal desempenho a qualquer momento posterior, nem a ren\u00fancia de uma viola\u00e7\u00e3o constituir\u00e1 uma ren\u00fancia de qualquer viola\u00e7\u00e3o subsequente.<\/p>\n<h3>Interpreta\u00e7\u00e3o de tradu\u00e7\u00e3o<\/h3>\n<p>Estes Termos e Condi\u00e7\u00f5es podem ter sido traduzidos se os tivermos disponibilizado a Voc\u00ea no nosso Servi\u00e7o.<br \/>\nVoc\u00ea concorda que o texto original em ingl\u00eas prevalecer\u00e1 em caso de disputa.<\/p>\n<h3>Altera\u00e7\u00f5es a estes Termos e Condi\u00e7\u00f5es<\/h3>\n<p>Reservamo-nos o direito, a Nosso exclusivo crit\u00e9rio, de modificar ou substituir estes Termos a qualquer momento. Se uma revis\u00e3o for material Faremos esfor\u00e7os razo\u00e1veis \u200b\u200bpara fornecer um aviso pr\u00e9vio de pelo menos 30 dias antes de quaisquer novos termos entrarem em vigor. O que constitui uma mudan\u00e7a material ser\u00e1 determinado a Nosso exclusivo crit\u00e9rio.<\/p>\n<p>Ao continuar a acessar ou usar o Nosso Servi\u00e7o ap\u00f3s essas revis\u00f5es entrarem em vigor, Voc\u00ea concorda em ficar vinculado aos termos revisados. Se Voc\u00ea n\u00e3o concordar com os novos termos, no todo ou em parte, pare de usar o site e o Servi\u00e7o.<\/p>\n<h3>Entre em contacto connosco<\/h3>\n<p>Se voc\u00ea tiver alguma d\u00favida sobre estes Termos e Condi\u00e7\u00f5es, voc\u00ea pode entrar em contato connosco:<\/p>\n<ul>\n<li>Por e-mail: mail@imella-store.com<\/li>\n<\/ul>\n","protected":false},"excerpt":{"rendered":"<p>Termos e Condi\u00e7\u00f5es \u00daltima atualiza\u00e7\u00e3o: 06 de agosto de 2021 Por favor, leia estes termos e condi\u00e7\u00f5es cuidadosamente antes de usar o Nosso Servi\u00e7o. Interpreta\u00e7\u00e3o e Defini\u00e7\u00f5es Interpreta\u00e7\u00e3o As palavras cuja letra inicial \u00e9 mai\u00fascula t\u00eam significados definidos nas seguintes condi\u00e7\u00f5es. As seguintes defini\u00e7\u00f5es ter\u00e3o o mesmo significado, independentemente de aparecerem no singular ou no [&hellip;]<\/p>\n","protected":false},"author":1,"featured_media":0,"parent":0,"menu_order":0,"comment_status":"closed","ping_status":"closed","template":"","meta":{"_uag_custom_page_level_css":"","site-sidebar-layout":"default","site-content-layout":"","ast-site-content-layout":"default","site-content-style":"default","site-sidebar-style":"default","ast-global-header-display":"","ast-banner-title-visibility":"","ast-main-header-display":"","ast-hfb-above-header-display":"","ast-hfb-below-header-display":"","ast-hfb-mobile-header-display":"","site-post-title":"disabled","ast-breadcrumbs-content":"","ast-featured-img":"","footer-sml-layout":"","theme-transparent-header-meta":"","adv-header-id-meta":"","stick-header-meta":"","header-above-stick-meta":"","header-main-stick-meta":"","header-below-stick-meta":"","astra-migrate-meta-layouts":"set","ast-page-background-enabled":"default","ast-page-background-meta":{"desktop":{"background-color":"","background-image":"","background-repeat":"repeat","background-position":"center center","background-size":"auto","background-attachment":"scroll","background-type":"","background-media":"","overlay-type":"","overlay-color":"","overlay-opacity":"","overlay-gradient":""},"tablet":{"background-color":"","background-image":"","background-repeat":"repeat","background-position":"center center","background-size":"auto","background-attachment":"scroll","background-type":"","background-media":"","overlay-type":"","overlay-color":"","overlay-opacity":"","overlay-gradient":""},"mobile":{"background-color":"","background-image":"","background-repeat":"repeat","background-position":"center center","background-size":"auto","background-attachment":"scroll","background-type":"","background-media":"","overlay-type":"","overlay-color":"","overlay-opacity":"","overlay-gradient":""}},"ast-content-background-meta":{"desktop":{"background-color":"var(--ast-global-color-5)","background-image":"","background-repeat":"repeat","background-position":"center center","background-size":"auto","background-attachment":"scroll","background-type":"","background-media":"","overlay-type":"","overlay-color":"","overlay-opacity":"","overlay-gradient":""},"tablet":{"background-color":"var(--ast-global-color-5)","background-image":"","background-repeat":"repeat","background-position":"center center","background-size":"auto","background-attachment":"scroll","background-type":"","background-media":"","overlay-type":"","overlay-color":"","overlay-opacity":"","overlay-gradient":""},"mobile":{"background-color":"var(--ast-global-color-5)","background-image":"","background-repeat":"repeat","background-position":"center center","background-size":"auto","background-attachment":"scroll","background-type":"","background-media":"","overlay-type":"","overlay-color":"","overlay-opacity":"","overlay-gradient":""}},"footnotes":""},"class_list":["post-1012","page","type-page","status-publish","hentry"],"yoast_head":"<!-- This site is optimized with the Yoast SEO plugin v26.9 - https:\/\/yoast.com\/product\/yoast-seo-wordpress\/ -->\n<title>Termos e Condi\u00e7\u00f5es - Imella<\/title>\n<meta name=\"robots\" content=\"index, follow, max-snippet:-1, max-image-preview:large, max-video-preview:-1\" \/>\n<link rel=\"canonical\" href=\"https:\/\/imella-store.com\/pt-pt\/termos\/\" \/>\n<meta property=\"og:locale\" content=\"pt_PT\" \/>\n<meta property=\"og:type\" content=\"article\" \/>\n<meta property=\"og:title\" content=\"Termos e Condi\u00e7\u00f5es - Imella\" \/>\n<meta property=\"og:description\" content=\"Termos e Condi\u00e7\u00f5es \u00daltima atualiza\u00e7\u00e3o: 06 de agosto de 2021 Por favor, leia estes termos e condi\u00e7\u00f5es cuidadosamente antes de usar o Nosso Servi\u00e7o. Interpreta\u00e7\u00e3o e Defini\u00e7\u00f5es Interpreta\u00e7\u00e3o As palavras cuja letra inicial \u00e9 mai\u00fascula t\u00eam significados definidos nas seguintes condi\u00e7\u00f5es. As seguintes defini\u00e7\u00f5es ter\u00e3o o mesmo significado, independentemente de aparecerem no singular ou no [&hellip;]\" \/>\n<meta property=\"og:url\" content=\"https:\/\/imella-store.com\/pt-pt\/termos\/\" \/>\n<meta property=\"og:site_name\" content=\"Imella\" \/>\n<meta property=\"article:publisher\" content=\"https:\/\/www.facebook.com\/imella.store\" \/>\n<meta property=\"article:modified_time\" content=\"2025-01-20T21:14:16+00:00\" \/>\n<meta name=\"twitter:card\" content=\"summary_large_image\" \/>\n<meta name=\"twitter:label1\" content=\"Tempo estimado de leitura\" \/>\n\t<meta name=\"twitter:data1\" content=\"7 minutos\" \/>\n<script type=\"application\/ld+json\" class=\"yoast-schema-graph\">{\"@context\":\"https:\/\/schema.org\",\"@graph\":[{\"@type\":\"WebPage\",\"@id\":\"https:\/\/imella-store.com\/pt-pt\/termos\/\",\"url\":\"https:\/\/imella-store.com\/pt-pt\/termos\/\",\"name\":\"Termos e Condi\u00e7\u00f5es - Imella\",\"isPartOf\":{\"@id\":\"https:\/\/imella-store.com\/pt-pt\/#website\"},\"datePublished\":\"2022-05-13T17:44:24+00:00\",\"dateModified\":\"2025-01-20T21:14:16+00:00\",\"breadcrumb\":{\"@id\":\"https:\/\/imella-store.com\/pt-pt\/termos\/#breadcrumb\"},\"inLanguage\":\"pt-PT\",\"potentialAction\":[{\"@type\":\"ReadAction\",\"target\":[\"https:\/\/imella-store.com\/pt-pt\/termos\/\"]}]},{\"@type\":\"BreadcrumbList\",\"@id\":\"https:\/\/imella-store.com\/pt-pt\/termos\/#breadcrumb\",\"itemListElement\":[{\"@type\":\"ListItem\",\"position\":1,\"name\":\"Home\",\"item\":\"https:\/\/imella-store.com\/pt-pt\/\"},{\"@type\":\"ListItem\",\"position\":2,\"name\":\"Termos e Condi\u00e7\u00f5es\"}]},{\"@type\":\"WebSite\",\"@id\":\"https:\/\/imella-store.com\/pt-pt\/#website\",\"url\":\"https:\/\/imella-store.com\/pt-pt\/\",\"name\":\"Imella\",\"description\":\"Order Sea Moss Today!\",\"publisher\":{\"@id\":\"https:\/\/imella-store.com\/pt-pt\/#organization\"},\"potentialAction\":[{\"@type\":\"SearchAction\",\"target\":{\"@type\":\"EntryPoint\",\"urlTemplate\":\"https:\/\/imella-store.com\/pt-pt\/?s={search_term_string}\"},\"query-input\":{\"@type\":\"PropertyValueSpecification\",\"valueRequired\":true,\"valueName\":\"search_term_string\"}}],\"inLanguage\":\"pt-PT\"},{\"@type\":\"Organization\",\"@id\":\"https:\/\/imella-store.com\/pt-pt\/#organization\",\"name\":\"Imella\",\"url\":\"https:\/\/imella-store.com\/pt-pt\/\",\"logo\":{\"@type\":\"ImageObject\",\"inLanguage\":\"pt-PT\",\"@id\":\"https:\/\/imella-store.com\/pt-pt\/#\/schema\/logo\/image\/\",\"url\":\"https:\/\/imella-store.com\/wp-content\/uploads\/2022\/10\/Imella-New-Logo-1292-\u00d7-984-px-3.png\",\"contentUrl\":\"https:\/\/imella-store.com\/wp-content\/uploads\/2022\/10\/Imella-New-Logo-1292-\u00d7-984-px-3.png\",\"width\":646,\"height\":492,\"caption\":\"Imella\"},\"image\":{\"@id\":\"https:\/\/imella-store.com\/pt-pt\/#\/schema\/logo\/image\/\"},\"sameAs\":[\"https:\/\/www.facebook.com\/imella.store\",\"https:\/\/instagram.com\/imela.store\"]}]}<\/script>\n<!-- \/ Yoast SEO plugin. -->","yoast_head_json":{"title":"Termos e Condi\u00e7\u00f5es - Imella","robots":{"index":"index","follow":"follow","max-snippet":"max-snippet:-1","max-image-preview":"max-image-preview:large","max-video-preview":"max-video-preview:-1"},"canonical":"https:\/\/imella-store.com\/pt-pt\/termos\/","og_locale":"pt_PT","og_type":"article","og_title":"Termos e Condi\u00e7\u00f5es - Imella","og_description":"Termos e Condi\u00e7\u00f5es \u00daltima atualiza\u00e7\u00e3o: 06 de agosto de 2021 Por favor, leia estes termos e condi\u00e7\u00f5es cuidadosamente antes de usar o Nosso Servi\u00e7o. Interpreta\u00e7\u00e3o e Defini\u00e7\u00f5es Interpreta\u00e7\u00e3o As palavras cuja letra inicial \u00e9 mai\u00fascula t\u00eam significados definidos nas seguintes condi\u00e7\u00f5es. As seguintes defini\u00e7\u00f5es ter\u00e3o o mesmo significado, independentemente de aparecerem no singular ou no [&hellip;]","og_url":"https:\/\/imella-store.com\/pt-pt\/termos\/","og_site_name":"Imella","article_publisher":"https:\/\/www.facebook.com\/imella.store","article_modified_time":"2025-01-20T21:14:16+00:00","twitter_card":"summary_large_image","twitter_misc":{"Tempo estimado de leitura":"7 minutos"},"schema":{"@context":"https:\/\/schema.org","@graph":[{"@type":"WebPage","@id":"https:\/\/imella-store.com\/pt-pt\/termos\/","url":"https:\/\/imella-store.com\/pt-pt\/termos\/","name":"Termos e Condi\u00e7\u00f5es - Imella","isPartOf":{"@id":"https:\/\/imella-store.com\/pt-pt\/#website"},"datePublished":"2022-05-13T17:44:24+00:00","dateModified":"2025-01-20T21:14:16+00:00","breadcrumb":{"@id":"https:\/\/imella-store.com\/pt-pt\/termos\/#breadcrumb"},"inLanguage":"pt-PT","potentialAction":[{"@type":"ReadAction","target":["https:\/\/imella-store.com\/pt-pt\/termos\/"]}]},{"@type":"BreadcrumbList","@id":"https:\/\/imella-store.com\/pt-pt\/termos\/#breadcrumb","itemListElement":[{"@type":"ListItem","position":1,"name":"Home","item":"https:\/\/imella-store.com\/pt-pt\/"},{"@type":"ListItem","position":2,"name":"Termos e Condi\u00e7\u00f5es"}]},{"@type":"WebSite","@id":"https:\/\/imella-store.com\/pt-pt\/#website","url":"https:\/\/imella-store.com\/pt-pt\/","name":"Imella","description":"Order Sea Moss Today!","publisher":{"@id":"https:\/\/imella-store.com\/pt-pt\/#organization"},"potentialAction":[{"@type":"SearchAction","target":{"@type":"EntryPoint","urlTemplate":"https:\/\/imella-store.com\/pt-pt\/?s={search_term_string}"},"query-input":{"@type":"PropertyValueSpecification","valueRequired":true,"valueName":"search_term_string"}}],"inLanguage":"pt-PT"},{"@type":"Organization","@id":"https:\/\/imella-store.com\/pt-pt\/#organization","name":"Imella","url":"https:\/\/imella-store.com\/pt-pt\/","logo":{"@type":"ImageObject","inLanguage":"pt-PT","@id":"https:\/\/imella-store.com\/pt-pt\/#\/schema\/logo\/image\/","url":"https:\/\/imella-store.com\/wp-content\/uploads\/2022\/10\/Imella-New-Logo-1292-\u00d7-984-px-3.png","contentUrl":"https:\/\/imella-store.com\/wp-content\/uploads\/2022\/10\/Imella-New-Logo-1292-\u00d7-984-px-3.png","width":646,"height":492,"caption":"Imella"},"image":{"@id":"https:\/\/imella-store.com\/pt-pt\/#\/schema\/logo\/image\/"},"sameAs":["https:\/\/www.facebook.com\/imella.store","https:\/\/instagram.com\/imela.store"]}]}},"uagb_featured_image_src":{"full":false,"thumbnail":false,"medium":false,"medium_large":false,"large":false,"1536x1536":false,"2048x2048":false,"woocommerce_thumbnail":false,"woocommerce_single":false,"woocommerce_gallery_thumbnail":false},"uagb_author_info":{"display_name":"Imella","author_link":"https:\/\/imella-store.com\/pt-pt\/author\/admin\/"},"uagb_comment_info":0,"uagb_excerpt":"Termos e Condi\u00e7\u00f5es \u00daltima atualiza\u00e7\u00e3o: 06 de agosto de 2021 Por favor, leia estes termos e condi\u00e7\u00f5es cuidadosamente antes de usar o Nosso Servi\u00e7o. Interpreta\u00e7\u00e3o e Defini\u00e7\u00f5es Interpreta\u00e7\u00e3o As palavras cuja letra inicial \u00e9 mai\u00fascula t\u00eam significados definidos nas seguintes condi\u00e7\u00f5es. As seguintes defini\u00e7\u00f5es ter\u00e3o o mesmo significado, independentemente de aparecerem no singular ou no&hellip;","_links":{"self":[{"href":"https:\/\/imella-store.com\/pt-pt\/wp-json\/wp\/v2\/pages\/1012","targetHints":{"allow":["GET"]}}],"collection":[{"href":"https:\/\/imella-store.com\/pt-pt\/wp-json\/wp\/v2\/pages"}],"about":[{"href":"https:\/\/imella-store.com\/pt-pt\/wp-json\/wp\/v2\/types\/page"}],"author":[{"embeddable":true,"href":"https:\/\/imella-store.com\/pt-pt\/wp-json\/wp\/v2\/users\/1"}],"replies":[{"embeddable":true,"href":"https:\/\/imella-store.com\/pt-pt\/wp-json\/wp\/v2\/comments?post=1012"}],"version-history":[{"count":0,"href":"https:\/\/imella-store.com\/pt-pt\/wp-json\/wp\/v2\/pages\/1012\/revisions"}],"wp:attachment":[{"href":"https:\/\/imella-store.com\/pt-pt\/wp-json\/wp\/v2\/media?parent=1012"}],"curies":[{"name":"wp","href":"https:\/\/api.w.org\/{rel}","templated":true}]}}